{"id":677,"date":"2021-02-15T11:30:42","date_gmt":"2021-02-15T11:30:42","guid":{"rendered":"http:\/\/www.trasterosbcn.com\/?page_id=677"},"modified":"2021-02-15T11:31:34","modified_gmt":"2021-02-15T11:31:34","slug":"politica-privacitat-xarxes-socials","status":"publish","type":"page","link":"https:\/\/www.trasterosbcn.com\/ca\/politica-privacitat-xarxes-socials\/","title":{"rendered":"Pol\u00edtica de privacitat Xarxes Socials"},"content":{"rendered":"<h2>Pol\u00edtica de privacidad Redes Sociales<\/h2>\n<p>De conformidad con lo establecido en la normativa vigente y aplicable de protecci\u00f3n de datos de car\u00e1cter personal y la Ley 34\/2002, de 11 de julio, de Servicios de la Sociedad de la Informaci\u00f3n y de Comercio Electr\u00f3nico (LSSI-CE), TRASTEROSBCN, S.L. informa a los usuarios, que ha procedido a crear un perfil en las Redes Sociales Facebook, Tuenti, Twitter, Instagram, Flickr, Pinterest, Linkedin, Foursquare, YouTube, con la finalidad principal de publicitar sus productos y servicios.<\/p>\n<p>Datos de TRASTEROSBCN, S.L.:<\/p>\n<ul>\n<li>CIF: B65484883<\/li>\n<li>DIRECCI\u00d3N: O CARRER DE L\u00b4OLIVERAR 21 08940, CORNELL\u00c0 DE LLOBREGAT (BARCELONA)<\/li>\n<li>CORREO ELECTR\u00d3NICO:\u00a0<a href=\"mailto:info@trasterosbcn.com\">info@trasterosbcn.com<\/a><\/li>\n<li>DOMINIO WEB:\u00a0<a href=\"http:\/\/www.trasterosbcn.com\">www.trasterosbcn.com<\/a><\/li>\n<\/ul>\n<p>El usuario dispone de un perfil en la misma Red Social y ha decidido unirse a la p\u00e1gina creada por TRASTEROSBCN, S.L, mostrando as\u00ed inter\u00e9s en la informaci\u00f3n que se publicite en la Red. Al unirse a nuestra p\u00e1gina, nos facilita su consentimiento para el tratamiento de aquellos datos personales publicados en su perfil.<\/p>\n<p>El usuario puede acceder en todo momento a las pol\u00edticas de privacidad de la propia Red Social, as\u00ed como configurar su perfil para garantizar su privacidad.<\/p>\n<p>TRASTEROSBCN, S.L. tiene acceso y trata aquella informaci\u00f3n p\u00fablica del usuario, en especial, su nombre de contacto. Estos datos, s\u00f3lo son utilizados dentro de la propia Red Social. No son incorporados a ning\u00fan sistema de tratamiento.<\/p>\n<h3>Derechos de los interesados<\/h3>\n<p>En relaci\u00f3n a los derechos de acceso, rectificaci\u00f3n, limitaci\u00f3n de tratamiento, supresi\u00f3n, portabilidad y oposici\u00f3n al tratamiento de sus datos de car\u00e1cter personal, de los que usted dispone y que pueden ser ejercitados ante TRASTEROSBCN, S.L., de acuerdo con el RGPD, debe tener en cuenta los siguientes matices:<\/p>\n<ul>\n<li>Derecho de Acceso: Es el derecho del usuario a obtener informaci\u00f3n sobre sus datos concretos de car\u00e1cter personal y del tratamiento que se haya realizado o realice, as\u00ed como de la informaci\u00f3n disponible sobre el origen de dichos datos y las comunicaciones realizadas o previstas de los mismos.<\/li>\n<li>Derecho de Rectificaci\u00f3n: Es el derecho del afectado a que se modifiquen los datos que resulten ser inexactos o incompletos. S\u00f3lo podr\u00e1 satisfacerse en relaci\u00f3n a aquella informaci\u00f3n que se encuentre bajo el control de TRASTEROSBCN, S.L., por ejemplo, eliminar comentarios publicados en la propia p\u00e1gina, im\u00e1genes o contenidos web donde consten datos de car\u00e1cter personal del usuario.<\/li>\n<li>Derecho a la Limitaci\u00f3n de tratamiento: Es el derecho a que se limiten los fines del tratamiento previstos de forma original por el responsable del tratamiento.<\/li>\n<li>Derecho de Supresi\u00f3n: Es el derecho a suprimir los datos de car\u00e1cter personal del usuario, a excepci\u00f3n de lo previsto en el propio RGPD o en otras normativas aplicables que determinen la obligatoriedad de la conservaci\u00f3n de los mismos, en tiempo y forma.<\/li>\n<li>Derecho de portabilidad: El derecho a recibir los datos personales que el usuario, haya facilitado, en un formato estructurado, de uso com\u00fan y lectura mec\u00e1nica, y a transmitirlos a otro responsable.<\/li>\n<li>Derecho de Oposici\u00f3n: Es el derecho del usuario a que no se lleve a cabo el tratamiento de sus datos de car\u00e1cter personal o se cese el tratamiento de los mismos por parte de TRASTEROSBCN, S.L.<\/li>\n<\/ul>\n<p>TRASTEROSBCN, S.L. realizar\u00e1 las siguientes actuaciones:<\/p>\n<ul>\n<li>Acceso a la informaci\u00f3n p\u00fablica del perfil.<\/li>\n<li>Publicaci\u00f3n en el perfil del usuario de toda aquella informaci\u00f3n ya publicada en la p\u00e1gina de TRASTEROSBCN, S.L.<\/li>\n<li>Enviar mensajes personales e individuales a trav\u00e9s de los canales de la Red Social.<\/li>\n<li>Actualizaciones del estado de la p\u00e1gina que se publicar\u00e1n en el perfil del usuario.<\/li>\n<\/ul>\n<p>El usuario siempre puede controlar sus conexiones, eliminar los contenidos que dejen de interesarle y restringir con qui\u00e9n comparte sus conexiones, para ello deber\u00e1 acceder a su configuraci\u00f3n de privacidad.<\/p>\n<h3>Publicaciones<\/h3>\n<p>El usuario, una vez unido a la p\u00e1gina de TRASTEROSBCN, S.L. podr\u00e1 publicar en \u00e9sta \u00faltima comentarios, enlaces, im\u00e1genes o fotograf\u00edas o cualquier otro tipo de contenido multimedia soportado por la Red Social. El usuario, en todos los casos, debe ser el titular de los mismos, gozar de los derechos de autor y de propiedad intelectual o contar con el consentimiento de los terceros afectados. Se proh\u00edbe expresamente cualquier publicaci\u00f3n en la p\u00e1gina, ya sean textos, gr\u00e1ficos, fotograf\u00edas, v\u00eddeos, etc. que atenten o sean susceptibles de atentar contra la moral, la \u00e9tica, el buen gusto o el decoro, y\/o que infrinjan, violen o quebranten los derechos de propiedad intelectual o industrial, el derecho a la imagen o la Ley. En estos casos, TRASTEROSBCN, S.L. se reserva el derecho a retirar de inmediato el contenido, pudiendo solicitar el bloqueo permanente del usuario.<\/p>\n<p>TRASTEROSBCN, S.L. no se har\u00e1 responsable de los contenidos que libremente ha publicado un usuario.<\/p>\n<p>El usuario debe tener presente que sus publicaciones ser\u00e1n conocidas por los otros usuarios, por lo que \u00e9l mismo es el principal responsable de su privacidad.<\/p>\n<p>Las im\u00e1genes que puedan publicarse en la p\u00e1gina no ser\u00e1n almacenadas en ning\u00fan sistema de tratamiento por parte de TRASTEROSBCN, S.L., pero s\u00ed que permanecer\u00e1n en la Red Social.<\/p>\n<h3>Concursos y promociones<\/h3>\n<p>TRASTEROSBCN, S.L. se reserva el derecho a realizar concursos y promociones, en los que podr\u00e1 participar el usuario unido a su p\u00e1gina. Las bases de cada uno de ellos, cuando se utilice para ello la plataforma de la Red Social, ser\u00e1n publicadas en la misma. Cumpliendo siempre con la LSSI-CE y con cualquier otra norma que le sea de aplicaci\u00f3n.<\/p>\n<p>La Red Social no patrocina, avala ni administra, de modo alguno, ninguna de nuestras promociones, ni est\u00e1 asociada a ninguna de ellas.<\/p>\n<h3>Publicidad<\/h3>\n<p>TRASTEROSBCN, S.L. utilizar\u00e1 la Red Social para publicitar sus productos y servicios, en todo caso, si decide tratar sus datos de contacto para realizar acciones directas de prospecci\u00f3n comercial, ser\u00e1 siempre, cumpliendo con las exigencias legales del RGPD y de la LSSI-CE.<\/p>\n<p>No se considerar\u00e1 publicidad el hecho de recomendar a otros usuarios la p\u00e1gina de TRASTEROSBCN, S.L. para que tambi\u00e9n ellos puedan disfrutar de las promociones o estar informados de su actividad.<\/p>\n<p>A continuaci\u00f3n detallamos el enlace a la pol\u00edtica de privacidad de la Red Social:<\/p>\n<p>\u2022 Facebook: <a href=\"https:\/\/www.facebook.com\/help\/323540651073243\/\">https:\/\/www.facebook.com\/help\/323540651073243\/<\/a><br \/>\n\u2022 Tuenti: <a href=\"https:\/\/m.tuenti.com\/?m=corporate&amp;func=terms_of_use\">https:\/\/m.tuenti.com\/?m=corporate&amp;func=terms_of_use<\/a><br \/>\n\u2022 Twitter: <a href=\"https:\/\/twitter.com\/privacy\">https:\/\/twitter.com\/privacy<\/a><br \/>\n\u2022 Instagram: <a href=\"http:\/\/instagram.com\/about\/legal\/privacy\/\">http:\/\/instagram.com\/about\/legal\/privacy\/<\/a><br \/>\n\u2022 Flickr: <a href=\"http:\/\/info.yahoo.com\/privacy\/es\/yahoo\/flickr\/\">http:\/\/info.yahoo.com\/privacy\/es\/yahoo\/flickr\/<\/a><br \/>\n\u2022 Pinterest: <a href=\"http:\/\/es.about.pinterest.com\/terms\/\">http:\/\/es.about.pinterest.com\/terms\/<\/a><br \/>\n\u2022 Linkedin: <a href=\"http:\/\/www.linkedin.com\/legal\/privacy-policy?trk=hb_ft_priv\">http:\/\/www.linkedin.com\/legal\/privacy-policy?trk=hb_ft_priv<\/a><br \/>\n\u2022 Foursquare: <a href=\"https:\/\/es.foursquare.com\/legal\/privacy\">https:\/\/es.foursquare.com\/legal\/privacy<\/a><br \/>\n\u2022 YouTube: <a href=\"https:\/\/www.youtube.com\/intl\/es\/about\/policies\/#community-guidelines\">https:\/\/www.youtube.com\/intl\/es\/about\/policies\/#community-guidelines<\/a><\/p>\n<p>&nbsp;<\/p>\n<p><em>\u00daLTIMA ACTUALIZACI\u00d3N: 3 de febrero de 2021<\/em><\/p>\n","protected":false},"excerpt":{"rendered":"<p>Pol\u00edtica de privacidad Redes Sociales De conformidad con lo establecido en la normativa vigente y aplicable de protecci\u00f3n de datos de car\u00e1cter personal y la Ley 34\/2002, de 11 de julio, de Servicios de la Sociedad de la Informaci\u00f3n y de Comercio Electr\u00f3nico (LSSI-CE), TRASTEROSBCN, S.L. informa a los usuarios, que ha procedido a crear [&hellip;]<\/p>\n","protected":false},"author":4,"featured_media":0,"parent":0,"menu_order":0,"comment_status":"closed","ping_status":"closed","template":"fullwidth.php","meta":{"_acf_changed":false,"footnotes":""},"class_list":["post-677","page","type-page","status-publish","hentry"],"acf":[],"yoast_head":"<!-- This site is optimized with the Yoast SEO plugin v26.0 - https:\/\/yoast.com\/wordpress\/plugins\/seo\/ -->\n<title>Pol\u00edtica de privacitat Xarxes Socials - Trasteros BCN<\/title>\n<meta name=\"robots\" content=\"index, follow, max-snippet:-1, max-image-preview:large, max-video-preview:-1\" \/>\n<link rel=\"canonical\" href=\"https:\/\/www.trasterosbcn.com\/ca\/politica-privacitat-xarxes-socials\/\" \/>\n<meta property=\"og:locale\" content=\"ca_ES\" \/>\n<meta property=\"og:type\" content=\"article\" \/>\n<meta property=\"og:title\" content=\"Pol\u00edtica de privacitat Xarxes Socials - Trasteros BCN\" \/>\n<meta property=\"og:description\" content=\"Pol\u00edtica de privacidad Redes Sociales De conformidad con lo establecido en la normativa vigente y aplicable de protecci\u00f3n de datos de car\u00e1cter personal y la Ley 34\/2002, de 11 de julio, de Servicios de la Sociedad de la Informaci\u00f3n y de Comercio Electr\u00f3nico (LSSI-CE), TRASTEROSBCN, S.L. informa a los usuarios, que ha procedido a crear [&hellip;]\" \/>\n<meta property=\"og:url\" content=\"https:\/\/www.trasterosbcn.com\/ca\/politica-privacitat-xarxes-socials\/\" \/>\n<meta property=\"og:site_name\" content=\"Trasteros BCN\" \/>\n<meta property=\"article:modified_time\" content=\"2021-02-15T11:31:34+00:00\" \/>\n<meta name=\"twitter:card\" content=\"summary_large_image\" \/>\n<meta name=\"twitter:label1\" content=\"Temps estimat de lectura\" \/>\n\t<meta name=\"twitter:data1\" content=\"6 minuts\" \/>\n<script type=\"application\/ld+json\" class=\"yoast-schema-graph\">{\"@context\":\"https:\/\/schema.org\",\"@graph\":[{\"@type\":\"WebPage\",\"@id\":\"https:\/\/www.trasterosbcn.com\/ca\/politica-privacitat-xarxes-socials\/\",\"url\":\"https:\/\/www.trasterosbcn.com\/ca\/politica-privacitat-xarxes-socials\/\",\"name\":\"Pol\u00edtica de privacitat Xarxes Socials - Trasteros BCN\",\"isPartOf\":{\"@id\":\"https:\/\/www.trasterosbcn.com\/#website\"},\"datePublished\":\"2021-02-15T11:30:42+00:00\",\"dateModified\":\"2021-02-15T11:31:34+00:00\",\"breadcrumb\":{\"@id\":\"https:\/\/www.trasterosbcn.com\/ca\/politica-privacitat-xarxes-socials\/#breadcrumb\"},\"inLanguage\":\"ca\",\"potentialAction\":[{\"@type\":\"ReadAction\",\"target\":[\"https:\/\/www.trasterosbcn.com\/ca\/politica-privacitat-xarxes-socials\/\"]}]},{\"@type\":\"BreadcrumbList\",\"@id\":\"https:\/\/www.trasterosbcn.com\/ca\/politica-privacitat-xarxes-socials\/#breadcrumb\",\"itemListElement\":[{\"@type\":\"ListItem\",\"position\":1,\"name\":\"Portada\",\"item\":\"https:\/\/www.trasterosbcn.com\/ca\/\"},{\"@type\":\"ListItem\",\"position\":2,\"name\":\"Pol\u00edtica de privacitat Xarxes Socials\"}]},{\"@type\":\"WebSite\",\"@id\":\"https:\/\/www.trasterosbcn.com\/#website\",\"url\":\"https:\/\/www.trasterosbcn.com\/\",\"name\":\"Trasteros BCN\",\"description\":\"\",\"potentialAction\":[{\"@type\":\"SearchAction\",\"target\":{\"@type\":\"EntryPoint\",\"urlTemplate\":\"https:\/\/www.trasterosbcn.com\/?s={search_term_string}\"},\"query-input\":{\"@type\":\"PropertyValueSpecification\",\"valueRequired\":true,\"valueName\":\"search_term_string\"}}],\"inLanguage\":\"ca\"}]}<\/script>\n<!-- \/ Yoast SEO plugin. -->","yoast_head_json":{"title":"Pol\u00edtica de privacitat Xarxes Socials - Trasteros BCN","robots":{"index":"index","follow":"follow","max-snippet":"max-snippet:-1","max-image-preview":"max-image-preview:large","max-video-preview":"max-video-preview:-1"},"canonical":"https:\/\/www.trasterosbcn.com\/ca\/politica-privacitat-xarxes-socials\/","og_locale":"ca_ES","og_type":"article","og_title":"Pol\u00edtica de privacitat Xarxes Socials - Trasteros BCN","og_description":"Pol\u00edtica de privacidad Redes Sociales De conformidad con lo establecido en la normativa vigente y aplicable de protecci\u00f3n de datos de car\u00e1cter personal y la Ley 34\/2002, de 11 de julio, de Servicios de la Sociedad de la Informaci\u00f3n y de Comercio Electr\u00f3nico (LSSI-CE), TRASTEROSBCN, S.L. informa a los usuarios, que ha procedido a crear [&hellip;]","og_url":"https:\/\/www.trasterosbcn.com\/ca\/politica-privacitat-xarxes-socials\/","og_site_name":"Trasteros BCN","article_modified_time":"2021-02-15T11:31:34+00:00","twitter_card":"summary_large_image","twitter_misc":{"Temps estimat de lectura":"6 minuts"},"schema":{"@context":"https:\/\/schema.org","@graph":[{"@type":"WebPage","@id":"https:\/\/www.trasterosbcn.com\/ca\/politica-privacitat-xarxes-socials\/","url":"https:\/\/www.trasterosbcn.com\/ca\/politica-privacitat-xarxes-socials\/","name":"Pol\u00edtica de privacitat Xarxes Socials - Trasteros BCN","isPartOf":{"@id":"https:\/\/www.trasterosbcn.com\/#website"},"datePublished":"2021-02-15T11:30:42+00:00","dateModified":"2021-02-15T11:31:34+00:00","breadcrumb":{"@id":"https:\/\/www.trasterosbcn.com\/ca\/politica-privacitat-xarxes-socials\/#breadcrumb"},"inLanguage":"ca","potentialAction":[{"@type":"ReadAction","target":["https:\/\/www.trasterosbcn.com\/ca\/politica-privacitat-xarxes-socials\/"]}]},{"@type":"BreadcrumbList","@id":"https:\/\/www.trasterosbcn.com\/ca\/politica-privacitat-xarxes-socials\/#breadcrumb","itemListElement":[{"@type":"ListItem","position":1,"name":"Portada","item":"https:\/\/www.trasterosbcn.com\/ca\/"},{"@type":"ListItem","position":2,"name":"Pol\u00edtica de privacitat Xarxes Socials"}]},{"@type":"WebSite","@id":"https:\/\/www.trasterosbcn.com\/#website","url":"https:\/\/www.trasterosbcn.com\/","name":"Trasteros BCN","description":"","potentialAction":[{"@type":"SearchAction","target":{"@type":"EntryPoint","urlTemplate":"https:\/\/www.trasterosbcn.com\/?s={search_term_string}"},"query-input":{"@type":"PropertyValueSpecification","valueRequired":true,"valueName":"search_term_string"}}],"inLanguage":"ca"}]}},"_links":{"self":[{"href":"https:\/\/www.trasterosbcn.com\/ca\/wp-json\/wp\/v2\/pages\/677","targetHints":{"allow":["GET"]}}],"collection":[{"href":"https:\/\/www.trasterosbcn.com\/ca\/wp-json\/wp\/v2\/pages"}],"about":[{"href":"https:\/\/www.trasterosbcn.com\/ca\/wp-json\/wp\/v2\/types\/page"}],"author":[{"embeddable":true,"href":"https:\/\/www.trasterosbcn.com\/ca\/wp-json\/wp\/v2\/users\/4"}],"replies":[{"embeddable":true,"href":"https:\/\/www.trasterosbcn.com\/ca\/wp-json\/wp\/v2\/comments?post=677"}],"version-history":[{"count":0,"href":"https:\/\/www.trasterosbcn.com\/ca\/wp-json\/wp\/v2\/pages\/677\/revisions"}],"wp:attachment":[{"href":"https:\/\/www.trasterosbcn.com\/ca\/wp-json\/wp\/v2\/media?parent=677"}],"curies":[{"name":"wp","href":"https:\/\/api.w.org\/{rel}","templated":true}]}}