{"id":635,"date":"2019-12-18T11:05:49","date_gmt":"2019-12-18T11:05:49","guid":{"rendered":"http:\/\/www.trasterosbcn.com\/?page_id=635"},"modified":"2020-11-30T10:33:42","modified_gmt":"2020-11-30T10:33:42","slug":"gracies-contacte-centro-la-bordeta-cat","status":"publish","type":"page","link":"https:\/\/www.trasterosbcn.com\/ca\/gracies-contacte-centro-la-bordeta-cat\/","title":{"rendered":"Gracies contacte CENTRO La Bordeta &#8211; CAT"},"content":{"rendered":"<div style=\"text-align: center;\">\n<h2>Moltes gr\u00e0cies pel teu inter\u00e8s<\/h2>\n<p>Hem rebut el teu formulari de contacte adequadament i intentarem respondre&#8217;t el m\u00e9s aviat possible.<\/p>\n<p>&nbsp;<\/p>\n<div class=\"btn btn-primary\"><a href=\"http:\/\/www.trasterosbcn.com\/ca\">Inici<\/a><\/div>\n<\/div>\n","protected":false},"excerpt":{"rendered":"<p>Moltes gr\u00e0cies pel teu inter\u00e8s Hem rebut el teu formulari de contacte adequadament i intentarem respondre&#8217;t el m\u00e9s aviat possible. &nbsp; Inici<\/p>\n","protected":false},"author":2,"featured_media":0,"parent":0,"menu_order":0,"comment_status":"closed","ping_status":"closed","template":"fullwidth.php","meta":{"_acf_changed":false,"footnotes":""},"class_list":["post-635","page","type-page","status-publish","hentry"],"acf":[],"yoast_head":"<!-- This site is optimized with the Yoast SEO plugin v26.0 - https:\/\/yoast.com\/wordpress\/plugins\/seo\/ -->\n<title>Gracies contacte CENTRO La Bordeta - CAT - Trasteros BCN<\/title>\n<meta name=\"robots\" content=\"index, follow, max-snippet:-1, max-image-preview:large, max-video-preview:-1\" \/>\n<link rel=\"canonical\" href=\"https:\/\/www.trasterosbcn.com\/ca\/gracies-contacte-centro-la-bordeta-cat\/\" \/>\n<meta property=\"og:locale\" content=\"ca_ES\" \/>\n<meta property=\"og:type\" content=\"article\" \/>\n<meta property=\"og:title\" content=\"Gracies contacte CENTRO La Bordeta - CAT - Trasteros BCN\" \/>\n<meta property=\"og:description\" content=\"Moltes gr\u00e0cies pel teu inter\u00e8s Hem rebut el teu formulari de contacte adequadament i intentarem respondre&#8217;t el m\u00e9s aviat possible. &nbsp; Inici\" \/>\n<meta property=\"og:url\" content=\"https:\/\/www.trasterosbcn.com\/ca\/gracies-contacte-centro-la-bordeta-cat\/\" \/>\n<meta property=\"og:site_name\" content=\"Trasteros BCN\" \/>\n<meta property=\"article:modified_time\" content=\"2020-11-30T10:33:42+00:00\" \/>\n<meta name=\"twitter:card\" content=\"summary_large_image\" \/>\n<script type=\"application\/ld+json\" class=\"yoast-schema-graph\">{\"@context\":\"https:\/\/schema.org\",\"@graph\":[{\"@type\":\"WebPage\",\"@id\":\"https:\/\/www.trasterosbcn.com\/ca\/gracies-contacte-centro-la-bordeta-cat\/\",\"url\":\"https:\/\/www.trasterosbcn.com\/ca\/gracies-contacte-centro-la-bordeta-cat\/\",\"name\":\"Gracies contacte CENTRO La Bordeta - CAT - Trasteros BCN\",\"isPartOf\":{\"@id\":\"https:\/\/www.trasterosbcn.com\/#website\"},\"datePublished\":\"2019-12-18T11:05:49+00:00\",\"dateModified\":\"2020-11-30T10:33:42+00:00\",\"breadcrumb\":{\"@id\":\"https:\/\/www.trasterosbcn.com\/ca\/gracies-contacte-centro-la-bordeta-cat\/#breadcrumb\"},\"inLanguage\":\"ca\",\"potentialAction\":[{\"@type\":\"ReadAction\",\"target\":[\"https:\/\/www.trasterosbcn.com\/ca\/gracies-contacte-centro-la-bordeta-cat\/\"]}]},{\"@type\":\"BreadcrumbList\",\"@id\":\"https:\/\/www.trasterosbcn.com\/ca\/gracies-contacte-centro-la-bordeta-cat\/#breadcrumb\",\"itemListElement\":[{\"@type\":\"ListItem\",\"position\":1,\"name\":\"Portada\",\"item\":\"https:\/\/www.trasterosbcn.com\/ca\/\"},{\"@type\":\"ListItem\",\"position\":2,\"name\":\"Gracies contacte CENTRO La Bordeta &#8211; CAT\"}]},{\"@type\":\"WebSite\",\"@id\":\"https:\/\/www.trasterosbcn.com\/#website\",\"url\":\"https:\/\/www.trasterosbcn.com\/\",\"name\":\"Trasteros BCN\",\"description\":\"\",\"potentialAction\":[{\"@type\":\"SearchAction\",\"target\":{\"@type\":\"EntryPoint\",\"urlTemplate\":\"https:\/\/www.trasterosbcn.com\/?s={search_term_string}\"},\"query-input\":{\"@type\":\"PropertyValueSpecification\",\"valueRequired\":true,\"valueName\":\"search_term_string\"}}],\"inLanguage\":\"ca\"}]}<\/script>\n<!-- \/ Yoast SEO plugin. -->","yoast_head_json":{"title":"Gracies contacte CENTRO La Bordeta - CAT - Trasteros BCN","robots":{"index":"index","follow":"follow","max-snippet":"max-snippet:-1","max-image-preview":"max-image-preview:large","max-video-preview":"max-video-preview:-1"},"canonical":"https:\/\/www.trasterosbcn.com\/ca\/gracies-contacte-centro-la-bordeta-cat\/","og_locale":"ca_ES","og_type":"article","og_title":"Gracies contacte CENTRO La Bordeta - CAT - Trasteros BCN","og_description":"Moltes gr\u00e0cies pel teu inter\u00e8s Hem rebut el teu formulari de contacte adequadament i intentarem respondre&#8217;t el m\u00e9s aviat possible. &nbsp; Inici","og_url":"https:\/\/www.trasterosbcn.com\/ca\/gracies-contacte-centro-la-bordeta-cat\/","og_site_name":"Trasteros BCN","article_modified_time":"2020-11-30T10:33:42+00:00","twitter_card":"summary_large_image","schema":{"@context":"https:\/\/schema.org","@graph":[{"@type":"WebPage","@id":"https:\/\/www.trasterosbcn.com\/ca\/gracies-contacte-centro-la-bordeta-cat\/","url":"https:\/\/www.trasterosbcn.com\/ca\/gracies-contacte-centro-la-bordeta-cat\/","name":"Gracies contacte CENTRO La Bordeta - CAT - Trasteros BCN","isPartOf":{"@id":"https:\/\/www.trasterosbcn.com\/#website"},"datePublished":"2019-12-18T11:05:49+00:00","dateModified":"2020-11-30T10:33:42+00:00","breadcrumb":{"@id":"https:\/\/www.trasterosbcn.com\/ca\/gracies-contacte-centro-la-bordeta-cat\/#breadcrumb"},"inLanguage":"ca","potentialAction":[{"@type":"ReadAction","target":["https:\/\/www.trasterosbcn.com\/ca\/gracies-contacte-centro-la-bordeta-cat\/"]}]},{"@type":"BreadcrumbList","@id":"https:\/\/www.trasterosbcn.com\/ca\/gracies-contacte-centro-la-bordeta-cat\/#breadcrumb","itemListElement":[{"@type":"ListItem","position":1,"name":"Portada","item":"https:\/\/www.trasterosbcn.com\/ca\/"},{"@type":"ListItem","position":2,"name":"Gracies contacte CENTRO La Bordeta &#8211; CAT"}]},{"@type":"WebSite","@id":"https:\/\/www.trasterosbcn.com\/#website","url":"https:\/\/www.trasterosbcn.com\/","name":"Trasteros BCN","description":"","potentialAction":[{"@type":"SearchAction","target":{"@type":"EntryPoint","urlTemplate":"https:\/\/www.trasterosbcn.com\/?s={search_term_string}"},"query-input":{"@type":"PropertyValueSpecification","valueRequired":true,"valueName":"search_term_string"}}],"inLanguage":"ca"}]}},"_links":{"self":[{"href":"https:\/\/www.trasterosbcn.com\/ca\/wp-json\/wp\/v2\/pages\/635","targetHints":{"allow":["GET"]}}],"collection":[{"href":"https:\/\/www.trasterosbcn.com\/ca\/wp-json\/wp\/v2\/pages"}],"about":[{"href":"https:\/\/www.trasterosbcn.com\/ca\/wp-json\/wp\/v2\/types\/page"}],"author":[{"embeddable":true,"href":"https:\/\/www.trasterosbcn.com\/ca\/wp-json\/wp\/v2\/users\/2"}],"replies":[{"embeddable":true,"href":"https:\/\/www.trasterosbcn.com\/ca\/wp-json\/wp\/v2\/comments?post=635"}],"version-history":[{"count":0,"href":"https:\/\/www.trasterosbcn.com\/ca\/wp-json\/wp\/v2\/pages\/635\/revisions"}],"wp:attachment":[{"href":"https:\/\/www.trasterosbcn.com\/ca\/wp-json\/wp\/v2\/media?parent=635"}],"curies":[{"name":"wp","href":"https:\/\/api.w.org\/{rel}","templated":true}]}}