{"id":357,"date":"2017-11-08T08:20:19","date_gmt":"2017-11-08T08:20:19","guid":{"rendered":"http:\/\/www.trasterosbcn.com\/trasteros-particulares\/"},"modified":"2018-03-16T11:24:59","modified_gmt":"2018-03-16T11:24:59","slug":"trasters-particulars","status":"publish","type":"page","link":"https:\/\/www.trasterosbcn.com\/ca\/trasters-particulars\/","title":{"rendered":"Trasters per a particulars"},"content":{"rendered":"<p>A<strong> Trasteros BCN <\/strong>t&#8217;oferim <strong>Trasters de Lloguer per a Particulars <\/strong>a Barcelona.<\/p>\n<p>Ideals en cas d&#8217;haver de guardar les teves coses per <strong>reformes <\/strong>o<strong> trasllats<\/strong>, per <strong>recuperar espai a casa<\/strong> o simplement per <strong>guardar coses que no utilitzes regularment<\/strong>.<\/p>\n<p><strong>Trasteros BCN <\/strong>\u00e9s la soluci\u00f3 m\u00e9s adequada com <strong>guardamobles a Barcelona <\/strong>en cas de reformes, mudances o per avaries com fuites d&#8217;aigua, etc.<\/p>\n<p>El nostre personal est\u00e0 sempre disponible per a assessorar-te sobre l&#8217;embalatge de mobles, la capacitat de la teva traster, els requisits per a realitzar una mudances, etc. Tenim \u00e0mplia experi\u00e8ncia en la gesti\u00f3 administrativa de mudances com a tancament de carrers, desaduanaje d&#8217;un contenidor al port, assessorament sobre mudances internacionals &#8230;<\/p>\n<p>A m\u00e9s <strong>si necessites una ajuda amb la teva mudan\u00e7a o trasllat<\/strong>, ens encarreguem de tot: preparaci\u00f3 de mobles, transport&#8230;<\/p>\n<p>Les teves pertinences sempre en bones mans gr\u00e0cies a la <strong>seguretat de les nostres instal\u00b7lacions<\/strong> i a la dedicaci\u00f3 del nostre personal.<\/p>\n<p>Descobreix en el nostre <strong>nou centre a l&#8217;Hospitalet,<\/strong> el primer centre <em><strong>Drive-Through<\/strong><\/em> de tot Espanya. L&#8217;aut\u00e8ntic concepte del Self Storage americ\u00e0. Accedeix al teu traster directament amb el teu vehicle al teu traster les 24 hores del dia, els 365 dies de l&#8217;any.<\/p>\n","protected":false},"excerpt":{"rendered":"<p>A Trasteros BCN t&#8217;oferim Trasters de Lloguer per a Particulars a Barcelona. Ideals en cas d&#8217;haver de guardar les teves coses per reformes o trasllats, per recuperar espai a casa o simplement per guardar coses que no utilitzes regularment. Trasteros BCN \u00e9s la soluci\u00f3 m\u00e9s adequada com guardamobles a Barcelona en cas de reformes, mudances [&hellip;]<\/p>\n","protected":false},"author":2,"featured_media":421,"parent":0,"menu_order":0,"comment_status":"closed","ping_status":"closed","template":"trastero.php","meta":{"_acf_changed":false,"footnotes":""},"class_list":["post-357","page","type-page","status-publish","has-post-thumbnail","hentry"],"acf":[],"yoast_head":"<!-- This site is optimized with the Yoast SEO plugin v26.0 - https:\/\/yoast.com\/wordpress\/plugins\/seo\/ -->\n<title>Trasteros BCN | Trasters de Lloguer barats a Barcelona<\/title>\n<meta name=\"description\" content=\"A Trasteros BCN t&#039;oferim Trasters de Lloguer al centre de Barcelona al millor preu. Des de 1m2 nom\u00e9s pagar\u00e0s pel que necessitis. ! Informa&#039;t!\" \/>\n<meta name=\"robots\" content=\"index, follow, max-snippet:-1, max-image-preview:large, max-video-preview:-1\" \/>\n<link rel=\"canonical\" href=\"https:\/\/www.trasterosbcn.com\/ca\/trasters-particulars\/\" \/>\n<meta property=\"og:locale\" content=\"ca_ES\" \/>\n<meta property=\"og:type\" content=\"article\" \/>\n<meta property=\"og:title\" content=\"Trasteros BCN | Trasters de Lloguer barats a Barcelona\" \/>\n<meta property=\"og:description\" content=\"A Trasteros BCN t&#039;oferim Trasters de Lloguer al centre de Barcelona al millor preu. Des de 1m2 nom\u00e9s pagar\u00e0s pel que necessitis. ! Informa&#039;t!\" \/>\n<meta property=\"og:url\" content=\"https:\/\/www.trasterosbcn.com\/ca\/trasters-particulars\/\" \/>\n<meta property=\"og:site_name\" content=\"Trasteros BCN\" \/>\n<meta property=\"article:modified_time\" content=\"2018-03-16T11:24:59+00:00\" \/>\n<meta property=\"og:image\" content=\"https:\/\/www.trasterosbcn.com\/wp-content\/uploads\/2018\/03\/Trasteros-BCN-trastero-barcelona.jpg\" \/>\n\t<meta property=\"og:image:width\" content=\"969\" \/>\n\t<meta property=\"og:image:height\" content=\"519\" \/>\n\t<meta property=\"og:image:type\" content=\"image\/jpeg\" \/>\n<meta name=\"twitter:card\" content=\"summary_large_image\" \/>\n<meta name=\"twitter:label1\" content=\"Temps estimat de lectura\" \/>\n\t<meta name=\"twitter:data1\" content=\"1 minut\" \/>\n<script type=\"application\/ld+json\" class=\"yoast-schema-graph\">{\"@context\":\"https:\/\/schema.org\",\"@graph\":[{\"@type\":\"WebPage\",\"@id\":\"https:\/\/www.trasterosbcn.com\/ca\/trasters-particulars\/\",\"url\":\"https:\/\/www.trasterosbcn.com\/ca\/trasters-particulars\/\",\"name\":\"Trasteros BCN | Trasters de Lloguer barats a Barcelona\",\"isPartOf\":{\"@id\":\"https:\/\/www.trasterosbcn.com\/#website\"},\"primaryImageOfPage\":{\"@id\":\"https:\/\/www.trasterosbcn.com\/ca\/trasters-particulars\/#primaryimage\"},\"image\":{\"@id\":\"https:\/\/www.trasterosbcn.com\/ca\/trasters-particulars\/#primaryimage\"},\"thumbnailUrl\":\"https:\/\/www.trasterosbcn.com\/wp-content\/uploads\/2018\/03\/Trasteros-BCN-trastero-barcelona.jpg\",\"datePublished\":\"2017-11-08T08:20:19+00:00\",\"dateModified\":\"2018-03-16T11:24:59+00:00\",\"description\":\"A Trasteros BCN t'oferim Trasters de Lloguer al centre de Barcelona al millor preu. Des de 1m2 nom\u00e9s pagar\u00e0s pel que necessitis. ! Informa't!\",\"breadcrumb\":{\"@id\":\"https:\/\/www.trasterosbcn.com\/ca\/trasters-particulars\/#breadcrumb\"},\"inLanguage\":\"ca\",\"potentialAction\":[{\"@type\":\"ReadAction\",\"target\":[\"https:\/\/www.trasterosbcn.com\/ca\/trasters-particulars\/\"]}]},{\"@type\":\"ImageObject\",\"inLanguage\":\"ca\",\"@id\":\"https:\/\/www.trasterosbcn.com\/ca\/trasters-particulars\/#primaryimage\",\"url\":\"https:\/\/www.trasterosbcn.com\/wp-content\/uploads\/2018\/03\/Trasteros-BCN-trastero-barcelona.jpg\",\"contentUrl\":\"https:\/\/www.trasterosbcn.com\/wp-content\/uploads\/2018\/03\/Trasteros-BCN-trastero-barcelona.jpg\",\"width\":969,\"height\":519},{\"@type\":\"BreadcrumbList\",\"@id\":\"https:\/\/www.trasterosbcn.com\/ca\/trasters-particulars\/#breadcrumb\",\"itemListElement\":[{\"@type\":\"ListItem\",\"position\":1,\"name\":\"Portada\",\"item\":\"https:\/\/www.trasterosbcn.com\/ca\/\"},{\"@type\":\"ListItem\",\"position\":2,\"name\":\"Trasters per a particulars\"}]},{\"@type\":\"WebSite\",\"@id\":\"https:\/\/www.trasterosbcn.com\/#website\",\"url\":\"https:\/\/www.trasterosbcn.com\/\",\"name\":\"Trasteros BCN\",\"description\":\"\",\"potentialAction\":[{\"@type\":\"SearchAction\",\"target\":{\"@type\":\"EntryPoint\",\"urlTemplate\":\"https:\/\/www.trasterosbcn.com\/?s={search_term_string}\"},\"query-input\":{\"@type\":\"PropertyValueSpecification\",\"valueRequired\":true,\"valueName\":\"search_term_string\"}}],\"inLanguage\":\"ca\"}]}<\/script>\n<!-- \/ Yoast SEO plugin. -->","yoast_head_json":{"title":"Trasteros BCN | Trasters de Lloguer barats a Barcelona","description":"A Trasteros BCN t'oferim Trasters de Lloguer al centre de Barcelona al millor preu. Des de 1m2 nom\u00e9s pagar\u00e0s pel que necessitis. ! Informa't!","robots":{"index":"index","follow":"follow","max-snippet":"max-snippet:-1","max-image-preview":"max-image-preview:large","max-video-preview":"max-video-preview:-1"},"canonical":"https:\/\/www.trasterosbcn.com\/ca\/trasters-particulars\/","og_locale":"ca_ES","og_type":"article","og_title":"Trasteros BCN | Trasters de Lloguer barats a Barcelona","og_description":"A Trasteros BCN t'oferim Trasters de Lloguer al centre de Barcelona al millor preu. Des de 1m2 nom\u00e9s pagar\u00e0s pel que necessitis. ! Informa't!","og_url":"https:\/\/www.trasterosbcn.com\/ca\/trasters-particulars\/","og_site_name":"Trasteros BCN","article_modified_time":"2018-03-16T11:24:59+00:00","og_image":[{"width":969,"height":519,"url":"https:\/\/www.trasterosbcn.com\/wp-content\/uploads\/2018\/03\/Trasteros-BCN-trastero-barcelona.jpg","type":"image\/jpeg"}],"twitter_card":"summary_large_image","twitter_misc":{"Temps estimat de lectura":"1 minut"},"schema":{"@context":"https:\/\/schema.org","@graph":[{"@type":"WebPage","@id":"https:\/\/www.trasterosbcn.com\/ca\/trasters-particulars\/","url":"https:\/\/www.trasterosbcn.com\/ca\/trasters-particulars\/","name":"Trasteros BCN | Trasters de Lloguer barats a Barcelona","isPartOf":{"@id":"https:\/\/www.trasterosbcn.com\/#website"},"primaryImageOfPage":{"@id":"https:\/\/www.trasterosbcn.com\/ca\/trasters-particulars\/#primaryimage"},"image":{"@id":"https:\/\/www.trasterosbcn.com\/ca\/trasters-particulars\/#primaryimage"},"thumbnailUrl":"https:\/\/www.trasterosbcn.com\/wp-content\/uploads\/2018\/03\/Trasteros-BCN-trastero-barcelona.jpg","datePublished":"2017-11-08T08:20:19+00:00","dateModified":"2018-03-16T11:24:59+00:00","description":"A Trasteros BCN t'oferim Trasters de Lloguer al centre de Barcelona al millor preu. Des de 1m2 nom\u00e9s pagar\u00e0s pel que necessitis. ! Informa't!","breadcrumb":{"@id":"https:\/\/www.trasterosbcn.com\/ca\/trasters-particulars\/#breadcrumb"},"inLanguage":"ca","potentialAction":[{"@type":"ReadAction","target":["https:\/\/www.trasterosbcn.com\/ca\/trasters-particulars\/"]}]},{"@type":"ImageObject","inLanguage":"ca","@id":"https:\/\/www.trasterosbcn.com\/ca\/trasters-particulars\/#primaryimage","url":"https:\/\/www.trasterosbcn.com\/wp-content\/uploads\/2018\/03\/Trasteros-BCN-trastero-barcelona.jpg","contentUrl":"https:\/\/www.trasterosbcn.com\/wp-content\/uploads\/2018\/03\/Trasteros-BCN-trastero-barcelona.jpg","width":969,"height":519},{"@type":"BreadcrumbList","@id":"https:\/\/www.trasterosbcn.com\/ca\/trasters-particulars\/#breadcrumb","itemListElement":[{"@type":"ListItem","position":1,"name":"Portada","item":"https:\/\/www.trasterosbcn.com\/ca\/"},{"@type":"ListItem","position":2,"name":"Trasters per a particulars"}]},{"@type":"WebSite","@id":"https:\/\/www.trasterosbcn.com\/#website","url":"https:\/\/www.trasterosbcn.com\/","name":"Trasteros BCN","description":"","potentialAction":[{"@type":"SearchAction","target":{"@type":"EntryPoint","urlTemplate":"https:\/\/www.trasterosbcn.com\/?s={search_term_string}"},"query-input":{"@type":"PropertyValueSpecification","valueRequired":true,"valueName":"search_term_string"}}],"inLanguage":"ca"}]}},"_links":{"self":[{"href":"https:\/\/www.trasterosbcn.com\/ca\/wp-json\/wp\/v2\/pages\/357","targetHints":{"allow":["GET"]}}],"collection":[{"href":"https:\/\/www.trasterosbcn.com\/ca\/wp-json\/wp\/v2\/pages"}],"about":[{"href":"https:\/\/www.trasterosbcn.com\/ca\/wp-json\/wp\/v2\/types\/page"}],"author":[{"embeddable":true,"href":"https:\/\/www.trasterosbcn.com\/ca\/wp-json\/wp\/v2\/users\/2"}],"replies":[{"embeddable":true,"href":"https:\/\/www.trasterosbcn.com\/ca\/wp-json\/wp\/v2\/comments?post=357"}],"version-history":[{"count":0,"href":"https:\/\/www.trasterosbcn.com\/ca\/wp-json\/wp\/v2\/pages\/357\/revisions"}],"wp:featuredmedia":[{"embeddable":true,"href":"https:\/\/www.trasterosbcn.com\/ca\/wp-json\/wp\/v2\/media\/421"}],"wp:attachment":[{"href":"https:\/\/www.trasterosbcn.com\/ca\/wp-json\/wp\/v2\/media?parent=357"}],"curies":[{"name":"wp","href":"https:\/\/api.w.org\/{rel}","templated":true}]}}