{"id":350,"date":"2017-11-08T08:20:33","date_gmt":"2017-11-08T08:20:33","guid":{"rendered":"http:\/\/www.trasterosbcn.com\/trasteros-empresas\/"},"modified":"2017-12-06T17:37:02","modified_gmt":"2017-12-06T17:37:02","slug":"trasters-empreses","status":"publish","type":"page","link":"https:\/\/www.trasterosbcn.com\/ca\/trasters-empreses\/","title":{"rendered":"Trasters Empreses"},"content":{"rendered":"<p><strong>Trasteros BCN <\/strong> t&#8217;ofereix <strong>la soluci\u00f3 als problemes d&#8217;espai <\/strong>a la teva empresa amb la m\u00e0xima flexibilitat.<\/p>\n<p>Els nostres <strong>Trasters per a Empreses<\/strong> s\u00f3n ideals per recuperar espai a la teva oficina o per a empreses petites que requereixin magatzems econ\u00f2mics o per compensar magatzems propis temporalment.<\/p>\n<p>Ens adaptem a les teves necessitats d&#8217;estoc facilitant el treball.<\/p>\n<p>A m\u00e9s estalviar\u00e0s en costos ja que no pagar\u00e0s subministraments (electricitat, aigua &#8230;).<\/p>\n<p>Descobreix en el nostre <strong> nou centre a l&#8217;Hospitalet, <\/strong> el primer centre <em> <strong> Drive-Through <\/strong> <\/em> de tot Espanya. L&#8217;aut\u00e8ntic concepte del Self Storage americ\u00e0. Accedeix al teu traster directament amb el teu vehicle al teu traster les 24 hores del dia, els 365 dies de l&#8217;any.<\/p>\n","protected":false},"excerpt":{"rendered":"<p>Trasteros BCN t&#8217;ofereix la soluci\u00f3 als problemes d&#8217;espai a la teva empresa amb la m\u00e0xima flexibilitat. Els nostres Trasters per a Empreses s\u00f3n ideals per recuperar espai a la teva oficina o per a empreses petites que requereixin magatzems econ\u00f2mics o per compensar magatzems propis temporalment. Ens adaptem a les teves necessitats d&#8217;estoc facilitant el [&hellip;]<\/p>\n","protected":false},"author":2,"featured_media":192,"parent":0,"menu_order":0,"comment_status":"closed","ping_status":"closed","template":"trastero.php","meta":{"_acf_changed":false,"footnotes":""},"class_list":["post-350","page","type-page","status-publish","has-post-thumbnail","hentry"],"acf":[],"yoast_head":"<!-- This site is optimized with the Yoast SEO plugin v26.0 - https:\/\/yoast.com\/wordpress\/plugins\/seo\/ -->\n<title>Trasteros BCN | Trasters per a Aut\u00f2noms i Empreses<\/title>\n<meta name=\"description\" content=\"A Trasteros BCN oferim Lloguer de Trasters per a Aut\u00f2noms i Empreses al millor preus. Els nostres trasters de lloguer en les millors ubicacions\" \/>\n<meta name=\"robots\" content=\"index, follow, max-snippet:-1, max-image-preview:large, max-video-preview:-1\" \/>\n<link rel=\"canonical\" href=\"https:\/\/www.trasterosbcn.com\/ca\/trasters-empreses\/\" \/>\n<meta property=\"og:locale\" content=\"ca_ES\" \/>\n<meta property=\"og:type\" content=\"article\" \/>\n<meta property=\"og:title\" content=\"Trasteros BCN | Trasters per a Aut\u00f2noms i Empreses\" \/>\n<meta property=\"og:description\" content=\"A Trasteros BCN oferim Lloguer de Trasters per a Aut\u00f2noms i Empreses al millor preus. Els nostres trasters de lloguer en les millors ubicacions\" \/>\n<meta property=\"og:url\" content=\"https:\/\/www.trasterosbcn.com\/ca\/trasters-empreses\/\" \/>\n<meta property=\"og:site_name\" content=\"Trasteros BCN\" \/>\n<meta property=\"article:modified_time\" content=\"2017-12-06T17:37:02+00:00\" \/>\n<meta property=\"og:image\" content=\"https:\/\/www.trasterosbcn.com\/wp-content\/uploads\/2017\/11\/Trasteros-BCN-Trasteros-para-empresas.jpg\" \/>\n\t<meta property=\"og:image:width\" content=\"969\" \/>\n\t<meta property=\"og:image:height\" content=\"519\" \/>\n\t<meta property=\"og:image:type\" content=\"image\/jpeg\" \/>\n<meta name=\"twitter:card\" content=\"summary_large_image\" \/>\n<meta name=\"twitter:label1\" content=\"Temps estimat de lectura\" \/>\n\t<meta name=\"twitter:data1\" content=\"1 minut\" \/>\n<script type=\"application\/ld+json\" class=\"yoast-schema-graph\">{\"@context\":\"https:\/\/schema.org\",\"@graph\":[{\"@type\":\"WebPage\",\"@id\":\"https:\/\/www.trasterosbcn.com\/ca\/trasters-empreses\/\",\"url\":\"https:\/\/www.trasterosbcn.com\/ca\/trasters-empreses\/\",\"name\":\"Trasteros BCN | Trasters per a Aut\u00f2noms i Empreses\",\"isPartOf\":{\"@id\":\"https:\/\/www.trasterosbcn.com\/#website\"},\"primaryImageOfPage\":{\"@id\":\"https:\/\/www.trasterosbcn.com\/ca\/trasters-empreses\/#primaryimage\"},\"image\":{\"@id\":\"https:\/\/www.trasterosbcn.com\/ca\/trasters-empreses\/#primaryimage\"},\"thumbnailUrl\":\"https:\/\/www.trasterosbcn.com\/wp-content\/uploads\/2017\/11\/Trasteros-BCN-Trasteros-para-empresas.jpg\",\"datePublished\":\"2017-11-08T08:20:33+00:00\",\"dateModified\":\"2017-12-06T17:37:02+00:00\",\"description\":\"A Trasteros BCN oferim Lloguer de Trasters per a Aut\u00f2noms i Empreses al millor preus. Els nostres trasters de lloguer en les millors ubicacions\",\"breadcrumb\":{\"@id\":\"https:\/\/www.trasterosbcn.com\/ca\/trasters-empreses\/#breadcrumb\"},\"inLanguage\":\"ca\",\"potentialAction\":[{\"@type\":\"ReadAction\",\"target\":[\"https:\/\/www.trasterosbcn.com\/ca\/trasters-empreses\/\"]}]},{\"@type\":\"ImageObject\",\"inLanguage\":\"ca\",\"@id\":\"https:\/\/www.trasterosbcn.com\/ca\/trasters-empreses\/#primaryimage\",\"url\":\"https:\/\/www.trasterosbcn.com\/wp-content\/uploads\/2017\/11\/Trasteros-BCN-Trasteros-para-empresas.jpg\",\"contentUrl\":\"https:\/\/www.trasterosbcn.com\/wp-content\/uploads\/2017\/11\/Trasteros-BCN-Trasteros-para-empresas.jpg\",\"width\":969,\"height\":519},{\"@type\":\"BreadcrumbList\",\"@id\":\"https:\/\/www.trasterosbcn.com\/ca\/trasters-empreses\/#breadcrumb\",\"itemListElement\":[{\"@type\":\"ListItem\",\"position\":1,\"name\":\"Portada\",\"item\":\"https:\/\/www.trasterosbcn.com\/ca\/\"},{\"@type\":\"ListItem\",\"position\":2,\"name\":\"Trasters Empreses\"}]},{\"@type\":\"WebSite\",\"@id\":\"https:\/\/www.trasterosbcn.com\/#website\",\"url\":\"https:\/\/www.trasterosbcn.com\/\",\"name\":\"Trasteros BCN\",\"description\":\"\",\"potentialAction\":[{\"@type\":\"SearchAction\",\"target\":{\"@type\":\"EntryPoint\",\"urlTemplate\":\"https:\/\/www.trasterosbcn.com\/?s={search_term_string}\"},\"query-input\":{\"@type\":\"PropertyValueSpecification\",\"valueRequired\":true,\"valueName\":\"search_term_string\"}}],\"inLanguage\":\"ca\"}]}<\/script>\n<!-- \/ Yoast SEO plugin. -->","yoast_head_json":{"title":"Trasteros BCN | Trasters per a Aut\u00f2noms i Empreses","description":"A Trasteros BCN oferim Lloguer de Trasters per a Aut\u00f2noms i Empreses al millor preus. Els nostres trasters de lloguer en les millors ubicacions","robots":{"index":"index","follow":"follow","max-snippet":"max-snippet:-1","max-image-preview":"max-image-preview:large","max-video-preview":"max-video-preview:-1"},"canonical":"https:\/\/www.trasterosbcn.com\/ca\/trasters-empreses\/","og_locale":"ca_ES","og_type":"article","og_title":"Trasteros BCN | Trasters per a Aut\u00f2noms i Empreses","og_description":"A Trasteros BCN oferim Lloguer de Trasters per a Aut\u00f2noms i Empreses al millor preus. Els nostres trasters de lloguer en les millors ubicacions","og_url":"https:\/\/www.trasterosbcn.com\/ca\/trasters-empreses\/","og_site_name":"Trasteros BCN","article_modified_time":"2017-12-06T17:37:02+00:00","og_image":[{"width":969,"height":519,"url":"https:\/\/www.trasterosbcn.com\/wp-content\/uploads\/2017\/11\/Trasteros-BCN-Trasteros-para-empresas.jpg","type":"image\/jpeg"}],"twitter_card":"summary_large_image","twitter_misc":{"Temps estimat de lectura":"1 minut"},"schema":{"@context":"https:\/\/schema.org","@graph":[{"@type":"WebPage","@id":"https:\/\/www.trasterosbcn.com\/ca\/trasters-empreses\/","url":"https:\/\/www.trasterosbcn.com\/ca\/trasters-empreses\/","name":"Trasteros BCN | Trasters per a Aut\u00f2noms i Empreses","isPartOf":{"@id":"https:\/\/www.trasterosbcn.com\/#website"},"primaryImageOfPage":{"@id":"https:\/\/www.trasterosbcn.com\/ca\/trasters-empreses\/#primaryimage"},"image":{"@id":"https:\/\/www.trasterosbcn.com\/ca\/trasters-empreses\/#primaryimage"},"thumbnailUrl":"https:\/\/www.trasterosbcn.com\/wp-content\/uploads\/2017\/11\/Trasteros-BCN-Trasteros-para-empresas.jpg","datePublished":"2017-11-08T08:20:33+00:00","dateModified":"2017-12-06T17:37:02+00:00","description":"A Trasteros BCN oferim Lloguer de Trasters per a Aut\u00f2noms i Empreses al millor preus. Els nostres trasters de lloguer en les millors ubicacions","breadcrumb":{"@id":"https:\/\/www.trasterosbcn.com\/ca\/trasters-empreses\/#breadcrumb"},"inLanguage":"ca","potentialAction":[{"@type":"ReadAction","target":["https:\/\/www.trasterosbcn.com\/ca\/trasters-empreses\/"]}]},{"@type":"ImageObject","inLanguage":"ca","@id":"https:\/\/www.trasterosbcn.com\/ca\/trasters-empreses\/#primaryimage","url":"https:\/\/www.trasterosbcn.com\/wp-content\/uploads\/2017\/11\/Trasteros-BCN-Trasteros-para-empresas.jpg","contentUrl":"https:\/\/www.trasterosbcn.com\/wp-content\/uploads\/2017\/11\/Trasteros-BCN-Trasteros-para-empresas.jpg","width":969,"height":519},{"@type":"BreadcrumbList","@id":"https:\/\/www.trasterosbcn.com\/ca\/trasters-empreses\/#breadcrumb","itemListElement":[{"@type":"ListItem","position":1,"name":"Portada","item":"https:\/\/www.trasterosbcn.com\/ca\/"},{"@type":"ListItem","position":2,"name":"Trasters Empreses"}]},{"@type":"WebSite","@id":"https:\/\/www.trasterosbcn.com\/#website","url":"https:\/\/www.trasterosbcn.com\/","name":"Trasteros BCN","description":"","potentialAction":[{"@type":"SearchAction","target":{"@type":"EntryPoint","urlTemplate":"https:\/\/www.trasterosbcn.com\/?s={search_term_string}"},"query-input":{"@type":"PropertyValueSpecification","valueRequired":true,"valueName":"search_term_string"}}],"inLanguage":"ca"}]}},"_links":{"self":[{"href":"https:\/\/www.trasterosbcn.com\/ca\/wp-json\/wp\/v2\/pages\/350","targetHints":{"allow":["GET"]}}],"collection":[{"href":"https:\/\/www.trasterosbcn.com\/ca\/wp-json\/wp\/v2\/pages"}],"about":[{"href":"https:\/\/www.trasterosbcn.com\/ca\/wp-json\/wp\/v2\/types\/page"}],"author":[{"embeddable":true,"href":"https:\/\/www.trasterosbcn.com\/ca\/wp-json\/wp\/v2\/users\/2"}],"replies":[{"embeddable":true,"href":"https:\/\/www.trasterosbcn.com\/ca\/wp-json\/wp\/v2\/comments?post=350"}],"version-history":[{"count":0,"href":"https:\/\/www.trasterosbcn.com\/ca\/wp-json\/wp\/v2\/pages\/350\/revisions"}],"wp:featuredmedia":[{"embeddable":true,"href":"https:\/\/www.trasterosbcn.com\/ca\/wp-json\/wp\/v2\/media\/192"}],"wp:attachment":[{"href":"https:\/\/www.trasterosbcn.com\/ca\/wp-json\/wp\/v2\/media?parent=350"}],"curies":[{"name":"wp","href":"https:\/\/api.w.org\/{rel}","templated":true}]}}