{"id":346,"date":"2017-11-08T08:20:57","date_gmt":"2017-11-08T08:20:57","guid":{"rendered":"http:\/\/www.trasterosbcn.com\/trasteros-autonomos\/"},"modified":"2019-03-27T11:02:19","modified_gmt":"2019-03-27T11:02:19","slug":"trasters-autonoms","status":"publish","type":"page","link":"https:\/\/www.trasterosbcn.com\/ca\/trasters-autonoms\/","title":{"rendered":"Trasters Aut\u00f2noms"},"content":{"rendered":"<p>A <strong>Trasteros BCN <\/strong>som la primera empresa d&#8217;Espanya en oferir-te <strong>trasters especialitzat per aut\u00f2noms<\/strong>. Perqu\u00e8 sabem que la sessi\u00f3 al traster ha de ser <strong>c\u00f2mode i r\u00e0pid <\/strong>.<\/p>\n<p>Perqu\u00e8 el teu temps es important, <strong>les nostres instal\u00b7lacions compten amb 8400m2 <\/strong>per fer-te la vida m\u00e9s f\u00e0cil i senzilla.<\/p>\n<p>Trasters ubicats a les <strong> millors localitzacions de la ciutat <\/strong> perqu\u00e8 no perdis temps en els despla\u00e7aments i tinguis el que m\u00e9s necessites sempre a prop.<\/p>\n<p>Ens adaptem a les teves necessitats d&#8217;estoc, facilitant la feina. A m\u00e9s estalviar\u00e0s en costos ja que no pagar\u00e0s subministraments (electricitat, aigua &#8230;).<\/p>\n<p>A m\u00e9s, posem a la teva disposici\u00f3 el nostre servei de <a href=\"http:\/\/www.trasterosbcn.com\/ca\/oficines-espais-de-treball\/\"> <strong>lloguer d&#8217;oficines i espais de treball <\/strong> <\/a>, perqu\u00e8 sempre puguis treballar cera de les teves mercaderies o eines.<\/p>\n<p>Servei de <strong>recepci\u00f3 de mercaderies i gesti\u00f3 d&#8217;enviaments <\/strong> des del teu traster.<\/p>\n<p>Descobreix en el nostre <strong>nou centre a l&#8217;Hospitalet, <\/strong> el primer centre <em><strong>Drive-Through<\/strong><\/em> de tot Espanya. L&#8217;aut\u00e8ntic concepte del Self Storage americ\u00e0. Accedeix al teu traster directament amb el teu vehicle al teu traster les 24 hores del dia, els 365 dies de l&#8217;any.<\/p>\n","protected":false},"excerpt":{"rendered":"<p>A Trasteros BCN som la primera empresa d&#8217;Espanya en oferir-te trasters especialitzat per aut\u00f2noms. Perqu\u00e8 sabem que la sessi\u00f3 al traster ha de ser c\u00f2mode i r\u00e0pid . Perqu\u00e8 el teu temps es important, les nostres instal\u00b7lacions compten amb 8400m2 per fer-te la vida m\u00e9s f\u00e0cil i senzilla. Trasters ubicats a les millors localitzacions de [&hellip;]<\/p>\n","protected":false},"author":2,"featured_media":198,"parent":0,"menu_order":0,"comment_status":"closed","ping_status":"closed","template":"trastero.php","meta":{"_acf_changed":false,"footnotes":""},"class_list":["post-346","page","type-page","status-publish","has-post-thumbnail","hentry"],"acf":[],"yoast_head":"<!-- This site is optimized with the Yoast SEO plugin v26.0 - https:\/\/yoast.com\/wordpress\/plugins\/seo\/ -->\n<title>Trasteros BCN | Trasters per a Empreses i Aut\u00f2noms<\/title>\n<meta name=\"description\" content=\"A Trasteros BCN oferim Lloguer de Trasters per a Empreses i Aut\u00f2noms al millor preus. Des de 1m2 nom\u00e9s pagar\u00e0s pel que facis servir. Estalvia costos!\" \/>\n<meta name=\"robots\" content=\"index, follow, max-snippet:-1, max-image-preview:large, max-video-preview:-1\" \/>\n<link rel=\"canonical\" href=\"https:\/\/www.trasterosbcn.com\/ca\/trasters-autonoms\/\" \/>\n<meta property=\"og:locale\" content=\"ca_ES\" \/>\n<meta property=\"og:type\" content=\"article\" \/>\n<meta property=\"og:title\" content=\"Trasteros BCN | Trasters per a Empreses i Aut\u00f2noms\" \/>\n<meta property=\"og:description\" content=\"A Trasteros BCN oferim Lloguer de Trasters per a Empreses i Aut\u00f2noms al millor preus. Des de 1m2 nom\u00e9s pagar\u00e0s pel que facis servir. Estalvia costos!\" \/>\n<meta property=\"og:url\" content=\"https:\/\/www.trasterosbcn.com\/ca\/trasters-autonoms\/\" \/>\n<meta property=\"og:site_name\" content=\"Trasteros BCN\" \/>\n<meta property=\"article:modified_time\" content=\"2019-03-27T11:02:19+00:00\" \/>\n<meta property=\"og:image\" content=\"https:\/\/www.trasterosbcn.com\/wp-content\/uploads\/2017\/11\/Trasteros-BCN-Trasteros-para-autonomos.jpg\" \/>\n\t<meta property=\"og:image:width\" content=\"969\" \/>\n\t<meta property=\"og:image:height\" content=\"519\" \/>\n\t<meta property=\"og:image:type\" content=\"image\/jpeg\" \/>\n<meta name=\"twitter:card\" content=\"summary_large_image\" \/>\n<meta name=\"twitter:label1\" content=\"Temps estimat de lectura\" \/>\n\t<meta name=\"twitter:data1\" content=\"1 minut\" \/>\n<script type=\"application\/ld+json\" class=\"yoast-schema-graph\">{\"@context\":\"https:\/\/schema.org\",\"@graph\":[{\"@type\":\"WebPage\",\"@id\":\"https:\/\/www.trasterosbcn.com\/ca\/trasters-autonoms\/\",\"url\":\"https:\/\/www.trasterosbcn.com\/ca\/trasters-autonoms\/\",\"name\":\"Trasteros BCN | Trasters per a Empreses i Aut\u00f2noms\",\"isPartOf\":{\"@id\":\"https:\/\/www.trasterosbcn.com\/#website\"},\"primaryImageOfPage\":{\"@id\":\"https:\/\/www.trasterosbcn.com\/ca\/trasters-autonoms\/#primaryimage\"},\"image\":{\"@id\":\"https:\/\/www.trasterosbcn.com\/ca\/trasters-autonoms\/#primaryimage\"},\"thumbnailUrl\":\"https:\/\/www.trasterosbcn.com\/wp-content\/uploads\/2017\/11\/Trasteros-BCN-Trasteros-para-autonomos.jpg\",\"datePublished\":\"2017-11-08T08:20:57+00:00\",\"dateModified\":\"2019-03-27T11:02:19+00:00\",\"description\":\"A Trasteros BCN oferim Lloguer de Trasters per a Empreses i Aut\u00f2noms al millor preus. Des de 1m2 nom\u00e9s pagar\u00e0s pel que facis servir. Estalvia costos!\",\"breadcrumb\":{\"@id\":\"https:\/\/www.trasterosbcn.com\/ca\/trasters-autonoms\/#breadcrumb\"},\"inLanguage\":\"ca\",\"potentialAction\":[{\"@type\":\"ReadAction\",\"target\":[\"https:\/\/www.trasterosbcn.com\/ca\/trasters-autonoms\/\"]}]},{\"@type\":\"ImageObject\",\"inLanguage\":\"ca\",\"@id\":\"https:\/\/www.trasterosbcn.com\/ca\/trasters-autonoms\/#primaryimage\",\"url\":\"https:\/\/www.trasterosbcn.com\/wp-content\/uploads\/2017\/11\/Trasteros-BCN-Trasteros-para-autonomos.jpg\",\"contentUrl\":\"https:\/\/www.trasterosbcn.com\/wp-content\/uploads\/2017\/11\/Trasteros-BCN-Trasteros-para-autonomos.jpg\",\"width\":969,\"height\":519},{\"@type\":\"BreadcrumbList\",\"@id\":\"https:\/\/www.trasterosbcn.com\/ca\/trasters-autonoms\/#breadcrumb\",\"itemListElement\":[{\"@type\":\"ListItem\",\"position\":1,\"name\":\"Portada\",\"item\":\"https:\/\/www.trasterosbcn.com\/ca\/\"},{\"@type\":\"ListItem\",\"position\":2,\"name\":\"Trasters Aut\u00f2noms\"}]},{\"@type\":\"WebSite\",\"@id\":\"https:\/\/www.trasterosbcn.com\/#website\",\"url\":\"https:\/\/www.trasterosbcn.com\/\",\"name\":\"Trasteros BCN\",\"description\":\"\",\"potentialAction\":[{\"@type\":\"SearchAction\",\"target\":{\"@type\":\"EntryPoint\",\"urlTemplate\":\"https:\/\/www.trasterosbcn.com\/?s={search_term_string}\"},\"query-input\":{\"@type\":\"PropertyValueSpecification\",\"valueRequired\":true,\"valueName\":\"search_term_string\"}}],\"inLanguage\":\"ca\"}]}<\/script>\n<!-- \/ Yoast SEO plugin. -->","yoast_head_json":{"title":"Trasteros BCN | Trasters per a Empreses i Aut\u00f2noms","description":"A Trasteros BCN oferim Lloguer de Trasters per a Empreses i Aut\u00f2noms al millor preus. Des de 1m2 nom\u00e9s pagar\u00e0s pel que facis servir. Estalvia costos!","robots":{"index":"index","follow":"follow","max-snippet":"max-snippet:-1","max-image-preview":"max-image-preview:large","max-video-preview":"max-video-preview:-1"},"canonical":"https:\/\/www.trasterosbcn.com\/ca\/trasters-autonoms\/","og_locale":"ca_ES","og_type":"article","og_title":"Trasteros BCN | Trasters per a Empreses i Aut\u00f2noms","og_description":"A Trasteros BCN oferim Lloguer de Trasters per a Empreses i Aut\u00f2noms al millor preus. Des de 1m2 nom\u00e9s pagar\u00e0s pel que facis servir. Estalvia costos!","og_url":"https:\/\/www.trasterosbcn.com\/ca\/trasters-autonoms\/","og_site_name":"Trasteros BCN","article_modified_time":"2019-03-27T11:02:19+00:00","og_image":[{"width":969,"height":519,"url":"https:\/\/www.trasterosbcn.com\/wp-content\/uploads\/2017\/11\/Trasteros-BCN-Trasteros-para-autonomos.jpg","type":"image\/jpeg"}],"twitter_card":"summary_large_image","twitter_misc":{"Temps estimat de lectura":"1 minut"},"schema":{"@context":"https:\/\/schema.org","@graph":[{"@type":"WebPage","@id":"https:\/\/www.trasterosbcn.com\/ca\/trasters-autonoms\/","url":"https:\/\/www.trasterosbcn.com\/ca\/trasters-autonoms\/","name":"Trasteros BCN | Trasters per a Empreses i Aut\u00f2noms","isPartOf":{"@id":"https:\/\/www.trasterosbcn.com\/#website"},"primaryImageOfPage":{"@id":"https:\/\/www.trasterosbcn.com\/ca\/trasters-autonoms\/#primaryimage"},"image":{"@id":"https:\/\/www.trasterosbcn.com\/ca\/trasters-autonoms\/#primaryimage"},"thumbnailUrl":"https:\/\/www.trasterosbcn.com\/wp-content\/uploads\/2017\/11\/Trasteros-BCN-Trasteros-para-autonomos.jpg","datePublished":"2017-11-08T08:20:57+00:00","dateModified":"2019-03-27T11:02:19+00:00","description":"A Trasteros BCN oferim Lloguer de Trasters per a Empreses i Aut\u00f2noms al millor preus. Des de 1m2 nom\u00e9s pagar\u00e0s pel que facis servir. Estalvia costos!","breadcrumb":{"@id":"https:\/\/www.trasterosbcn.com\/ca\/trasters-autonoms\/#breadcrumb"},"inLanguage":"ca","potentialAction":[{"@type":"ReadAction","target":["https:\/\/www.trasterosbcn.com\/ca\/trasters-autonoms\/"]}]},{"@type":"ImageObject","inLanguage":"ca","@id":"https:\/\/www.trasterosbcn.com\/ca\/trasters-autonoms\/#primaryimage","url":"https:\/\/www.trasterosbcn.com\/wp-content\/uploads\/2017\/11\/Trasteros-BCN-Trasteros-para-autonomos.jpg","contentUrl":"https:\/\/www.trasterosbcn.com\/wp-content\/uploads\/2017\/11\/Trasteros-BCN-Trasteros-para-autonomos.jpg","width":969,"height":519},{"@type":"BreadcrumbList","@id":"https:\/\/www.trasterosbcn.com\/ca\/trasters-autonoms\/#breadcrumb","itemListElement":[{"@type":"ListItem","position":1,"name":"Portada","item":"https:\/\/www.trasterosbcn.com\/ca\/"},{"@type":"ListItem","position":2,"name":"Trasters Aut\u00f2noms"}]},{"@type":"WebSite","@id":"https:\/\/www.trasterosbcn.com\/#website","url":"https:\/\/www.trasterosbcn.com\/","name":"Trasteros BCN","description":"","potentialAction":[{"@type":"SearchAction","target":{"@type":"EntryPoint","urlTemplate":"https:\/\/www.trasterosbcn.com\/?s={search_term_string}"},"query-input":{"@type":"PropertyValueSpecification","valueRequired":true,"valueName":"search_term_string"}}],"inLanguage":"ca"}]}},"_links":{"self":[{"href":"https:\/\/www.trasterosbcn.com\/ca\/wp-json\/wp\/v2\/pages\/346","targetHints":{"allow":["GET"]}}],"collection":[{"href":"https:\/\/www.trasterosbcn.com\/ca\/wp-json\/wp\/v2\/pages"}],"about":[{"href":"https:\/\/www.trasterosbcn.com\/ca\/wp-json\/wp\/v2\/types\/page"}],"author":[{"embeddable":true,"href":"https:\/\/www.trasterosbcn.com\/ca\/wp-json\/wp\/v2\/users\/2"}],"replies":[{"embeddable":true,"href":"https:\/\/www.trasterosbcn.com\/ca\/wp-json\/wp\/v2\/comments?post=346"}],"version-history":[{"count":0,"href":"https:\/\/www.trasterosbcn.com\/ca\/wp-json\/wp\/v2\/pages\/346\/revisions"}],"wp:featuredmedia":[{"embeddable":true,"href":"https:\/\/www.trasterosbcn.com\/ca\/wp-json\/wp\/v2\/media\/198"}],"wp:attachment":[{"href":"https:\/\/www.trasterosbcn.com\/ca\/wp-json\/wp\/v2\/media?parent=346"}],"curies":[{"name":"wp","href":"https:\/\/api.w.org\/{rel}","templated":true}]}}