{"id":341,"date":"2017-11-08T08:21:09","date_gmt":"2017-11-08T08:21:09","guid":{"rendered":"http:\/\/www.trasterosbcn.com\/mudanzas\/"},"modified":"2017-12-06T17:33:25","modified_gmt":"2017-12-06T17:33:25","slug":"mudances","status":"publish","type":"page","link":"https:\/\/www.trasterosbcn.com\/ca\/mudances\/","title":{"rendered":"Servei de Mudances"},"content":{"rendered":"<p>Benvinguts a<strong>\u00a0Moving BCN,\u00a0<\/strong>el servei de <strong>Mudances a Barcelona<\/strong> m\u00e9s professional, al millor preu.<\/p>\n<p>Sense sorpreses d&#8217;\u00faltima hora ni despeses afegides. Amb<strong> Moving BCN<\/strong>\u00a0pagar\u00e0s nom\u00e9s el que t&#8217;hem pressupostat. La nostra experi\u00e8ncia en el sector i la professionalitat dels nostres empleats ens permet oferir-<strong> la m\u00e0xima qualitat al preu m\u00e9s competitiu: <\/strong><\/p>\n<h2 class=\"mudances-price\"><i class=\"mudances-icon fa fa-check-circle-o\"> <\/i> Cami\u00f3 +1 Operaris = 30 \u20ac<\/h2>\n<h2 class=\"mudances-price\"><i class=\"mudances-icon fa fa-check-circle-o\"> <\/i> Cami\u00f3 + 2 Operaris = 45 \u20ac<\/h2>\n<h2 class=\"mudances-price\"><i class=\"mudances-icon fa fa-check-circle-o\"> <\/i> Cami\u00f3 +3 Operaris = 60 \u20ac<\/h2>\n<p>* Servei m\u00ednim (2 hores)<\/p>\n<p>Tens tota la informaci\u00f3 sobre els nostres serveis de Mudances a Barcelona a <a href=\"http:\/\/www.movingbcn.com\"> www.movingbcn.com <\/a><\/p>\n","protected":false},"excerpt":{"rendered":"<p>Benvinguts a\u00a0Moving BCN,\u00a0el servei de Mudances a Barcelona m\u00e9s professional, al millor preu. Sense sorpreses d&#8217;\u00faltima hora ni despeses afegides. Amb Moving BCN\u00a0pagar\u00e0s nom\u00e9s el que t&#8217;hem pressupostat. La nostra experi\u00e8ncia en el sector i la professionalitat dels nostres empleats ens permet oferir- la m\u00e0xima qualitat al preu m\u00e9s competitiu: Cami\u00f3 +1 Operaris = 30 [&hellip;]<\/p>\n","protected":false},"author":2,"featured_media":273,"parent":0,"menu_order":0,"comment_status":"closed","ping_status":"closed","template":"mudanza.php","meta":{"_acf_changed":false,"footnotes":""},"class_list":["post-341","page","type-page","status-publish","has-post-thumbnail","hentry"],"acf":[],"yoast_head":"<!-- This site is optimized with the Yoast SEO plugin v26.0 - https:\/\/yoast.com\/wordpress\/plugins\/seo\/ -->\n<title>Trasteros BCN | Servicio de Mudanzas econ\u00f3mico en Barcelona<\/title>\n<meta name=\"description\" content=\"A Trasteros BCN t&#039;oferim el servei de Mudances a Barcelona m\u00e9s professional i al millor preu. Mudances per a Particulars i Empreses. Informa&#039;t!\" \/>\n<meta name=\"robots\" content=\"index, follow, max-snippet:-1, max-image-preview:large, max-video-preview:-1\" \/>\n<link rel=\"canonical\" href=\"https:\/\/www.trasterosbcn.com\/ca\/mudances\/\" \/>\n<meta property=\"og:locale\" content=\"ca_ES\" \/>\n<meta property=\"og:type\" content=\"article\" \/>\n<meta property=\"og:title\" content=\"Trasteros BCN | Servicio de Mudanzas econ\u00f3mico en Barcelona\" \/>\n<meta property=\"og:description\" content=\"A Trasteros BCN t&#039;oferim el servei de Mudances a Barcelona m\u00e9s professional i al millor preu. Mudances per a Particulars i Empreses. Informa&#039;t!\" \/>\n<meta property=\"og:url\" content=\"https:\/\/www.trasterosbcn.com\/ca\/mudances\/\" \/>\n<meta property=\"og:site_name\" content=\"Trasteros BCN\" \/>\n<meta property=\"article:modified_time\" content=\"2017-12-06T17:33:25+00:00\" \/>\n<meta property=\"og:image\" content=\"https:\/\/www.trasterosbcn.com\/wp-content\/uploads\/2017\/11\/mudanzas-barcelona.jpg\" \/>\n\t<meta property=\"og:image:width\" content=\"969\" \/>\n\t<meta property=\"og:image:height\" content=\"519\" \/>\n\t<meta property=\"og:image:type\" content=\"image\/jpeg\" \/>\n<meta name=\"twitter:card\" content=\"summary_large_image\" \/>\n<script type=\"application\/ld+json\" class=\"yoast-schema-graph\">{\"@context\":\"https:\/\/schema.org\",\"@graph\":[{\"@type\":\"WebPage\",\"@id\":\"https:\/\/www.trasterosbcn.com\/ca\/mudances\/\",\"url\":\"https:\/\/www.trasterosbcn.com\/ca\/mudances\/\",\"name\":\"Trasteros BCN | Servicio de Mudanzas econ\u00f3mico en Barcelona\",\"isPartOf\":{\"@id\":\"https:\/\/www.trasterosbcn.com\/#website\"},\"primaryImageOfPage\":{\"@id\":\"https:\/\/www.trasterosbcn.com\/ca\/mudances\/#primaryimage\"},\"image\":{\"@id\":\"https:\/\/www.trasterosbcn.com\/ca\/mudances\/#primaryimage\"},\"thumbnailUrl\":\"https:\/\/www.trasterosbcn.com\/wp-content\/uploads\/2017\/11\/mudanzas-barcelona.jpg\",\"datePublished\":\"2017-11-08T08:21:09+00:00\",\"dateModified\":\"2017-12-06T17:33:25+00:00\",\"description\":\"A Trasteros BCN t'oferim el servei de Mudances a Barcelona m\u00e9s professional i al millor preu. Mudances per a Particulars i Empreses. Informa't!\",\"breadcrumb\":{\"@id\":\"https:\/\/www.trasterosbcn.com\/ca\/mudances\/#breadcrumb\"},\"inLanguage\":\"ca\",\"potentialAction\":[{\"@type\":\"ReadAction\",\"target\":[\"https:\/\/www.trasterosbcn.com\/ca\/mudances\/\"]}]},{\"@type\":\"ImageObject\",\"inLanguage\":\"ca\",\"@id\":\"https:\/\/www.trasterosbcn.com\/ca\/mudances\/#primaryimage\",\"url\":\"https:\/\/www.trasterosbcn.com\/wp-content\/uploads\/2017\/11\/mudanzas-barcelona.jpg\",\"contentUrl\":\"https:\/\/www.trasterosbcn.com\/wp-content\/uploads\/2017\/11\/mudanzas-barcelona.jpg\",\"width\":969,\"height\":519},{\"@type\":\"BreadcrumbList\",\"@id\":\"https:\/\/www.trasterosbcn.com\/ca\/mudances\/#breadcrumb\",\"itemListElement\":[{\"@type\":\"ListItem\",\"position\":1,\"name\":\"Portada\",\"item\":\"https:\/\/www.trasterosbcn.com\/ca\/\"},{\"@type\":\"ListItem\",\"position\":2,\"name\":\"Servei de Mudances\"}]},{\"@type\":\"WebSite\",\"@id\":\"https:\/\/www.trasterosbcn.com\/#website\",\"url\":\"https:\/\/www.trasterosbcn.com\/\",\"name\":\"Trasteros BCN\",\"description\":\"\",\"potentialAction\":[{\"@type\":\"SearchAction\",\"target\":{\"@type\":\"EntryPoint\",\"urlTemplate\":\"https:\/\/www.trasterosbcn.com\/?s={search_term_string}\"},\"query-input\":{\"@type\":\"PropertyValueSpecification\",\"valueRequired\":true,\"valueName\":\"search_term_string\"}}],\"inLanguage\":\"ca\"}]}<\/script>\n<!-- \/ Yoast SEO plugin. -->","yoast_head_json":{"title":"Trasteros BCN | Servicio de Mudanzas econ\u00f3mico en Barcelona","description":"A Trasteros BCN t'oferim el servei de Mudances a Barcelona m\u00e9s professional i al millor preu. Mudances per a Particulars i Empreses. Informa't!","robots":{"index":"index","follow":"follow","max-snippet":"max-snippet:-1","max-image-preview":"max-image-preview:large","max-video-preview":"max-video-preview:-1"},"canonical":"https:\/\/www.trasterosbcn.com\/ca\/mudances\/","og_locale":"ca_ES","og_type":"article","og_title":"Trasteros BCN | Servicio de Mudanzas econ\u00f3mico en Barcelona","og_description":"A Trasteros BCN t'oferim el servei de Mudances a Barcelona m\u00e9s professional i al millor preu. Mudances per a Particulars i Empreses. Informa't!","og_url":"https:\/\/www.trasterosbcn.com\/ca\/mudances\/","og_site_name":"Trasteros BCN","article_modified_time":"2017-12-06T17:33:25+00:00","og_image":[{"width":969,"height":519,"url":"https:\/\/www.trasterosbcn.com\/wp-content\/uploads\/2017\/11\/mudanzas-barcelona.jpg","type":"image\/jpeg"}],"twitter_card":"summary_large_image","schema":{"@context":"https:\/\/schema.org","@graph":[{"@type":"WebPage","@id":"https:\/\/www.trasterosbcn.com\/ca\/mudances\/","url":"https:\/\/www.trasterosbcn.com\/ca\/mudances\/","name":"Trasteros BCN | Servicio de Mudanzas econ\u00f3mico en Barcelona","isPartOf":{"@id":"https:\/\/www.trasterosbcn.com\/#website"},"primaryImageOfPage":{"@id":"https:\/\/www.trasterosbcn.com\/ca\/mudances\/#primaryimage"},"image":{"@id":"https:\/\/www.trasterosbcn.com\/ca\/mudances\/#primaryimage"},"thumbnailUrl":"https:\/\/www.trasterosbcn.com\/wp-content\/uploads\/2017\/11\/mudanzas-barcelona.jpg","datePublished":"2017-11-08T08:21:09+00:00","dateModified":"2017-12-06T17:33:25+00:00","description":"A Trasteros BCN t'oferim el servei de Mudances a Barcelona m\u00e9s professional i al millor preu. Mudances per a Particulars i Empreses. Informa't!","breadcrumb":{"@id":"https:\/\/www.trasterosbcn.com\/ca\/mudances\/#breadcrumb"},"inLanguage":"ca","potentialAction":[{"@type":"ReadAction","target":["https:\/\/www.trasterosbcn.com\/ca\/mudances\/"]}]},{"@type":"ImageObject","inLanguage":"ca","@id":"https:\/\/www.trasterosbcn.com\/ca\/mudances\/#primaryimage","url":"https:\/\/www.trasterosbcn.com\/wp-content\/uploads\/2017\/11\/mudanzas-barcelona.jpg","contentUrl":"https:\/\/www.trasterosbcn.com\/wp-content\/uploads\/2017\/11\/mudanzas-barcelona.jpg","width":969,"height":519},{"@type":"BreadcrumbList","@id":"https:\/\/www.trasterosbcn.com\/ca\/mudances\/#breadcrumb","itemListElement":[{"@type":"ListItem","position":1,"name":"Portada","item":"https:\/\/www.trasterosbcn.com\/ca\/"},{"@type":"ListItem","position":2,"name":"Servei de Mudances"}]},{"@type":"WebSite","@id":"https:\/\/www.trasterosbcn.com\/#website","url":"https:\/\/www.trasterosbcn.com\/","name":"Trasteros BCN","description":"","potentialAction":[{"@type":"SearchAction","target":{"@type":"EntryPoint","urlTemplate":"https:\/\/www.trasterosbcn.com\/?s={search_term_string}"},"query-input":{"@type":"PropertyValueSpecification","valueRequired":true,"valueName":"search_term_string"}}],"inLanguage":"ca"}]}},"_links":{"self":[{"href":"https:\/\/www.trasterosbcn.com\/ca\/wp-json\/wp\/v2\/pages\/341","targetHints":{"allow":["GET"]}}],"collection":[{"href":"https:\/\/www.trasterosbcn.com\/ca\/wp-json\/wp\/v2\/pages"}],"about":[{"href":"https:\/\/www.trasterosbcn.com\/ca\/wp-json\/wp\/v2\/types\/page"}],"author":[{"embeddable":true,"href":"https:\/\/www.trasterosbcn.com\/ca\/wp-json\/wp\/v2\/users\/2"}],"replies":[{"embeddable":true,"href":"https:\/\/www.trasterosbcn.com\/ca\/wp-json\/wp\/v2\/comments?post=341"}],"version-history":[{"count":0,"href":"https:\/\/www.trasterosbcn.com\/ca\/wp-json\/wp\/v2\/pages\/341\/revisions"}],"wp:featuredmedia":[{"embeddable":true,"href":"https:\/\/www.trasterosbcn.com\/ca\/wp-json\/wp\/v2\/media\/273"}],"wp:attachment":[{"href":"https:\/\/www.trasterosbcn.com\/ca\/wp-json\/wp\/v2\/media?parent=341"}],"curies":[{"name":"wp","href":"https:\/\/api.w.org\/{rel}","templated":true}]}}