{"id":337,"date":"2017-11-08T08:18:53","date_gmt":"2017-11-08T08:18:53","guid":{"rendered":"http:\/\/www.trasterosbcn.com\/quienes-somos\/"},"modified":"2017-12-12T11:30:35","modified_gmt":"2017-12-12T11:30:35","slug":"qui-som","status":"publish","type":"page","link":"https:\/\/www.trasterosbcn.com\/ca\/qui-som\/","title":{"rendered":"Qui som"},"content":{"rendered":"<p style=\"font-weight: 400;\">A Trasteros BCN comptem amb <strong>m\u00e9s de 25 anys d&#8217;experi\u00e8ncia <\/strong>prestant servei a empreses, aut\u00f2noms i particulars.<\/p>\n<p style=\"font-weight: 400;\">Per als nostres <strong>centres de trasters de lloguer<\/strong>, busquem <strong> les millors ubicacions a les principals ciutats <\/strong>, per adequar-nos el m\u00e0xim possible a les necessitats dels nostres clients.<\/p>\n<p style=\"font-weight: 400;\">Tant se val si has de guardar algunes maletes i objectes o totes les teves pertinences a causa d&#8217;una reforma, la nostra vocaci\u00f3 \u00e9s oferir als nostres clients un servei d&#8217;emmagatzematge <strong>c\u00f2mode, econ\u00f2mic i segur <\/strong><\/p>\n<p style=\"font-weight: 400;\">Des d&#8217;un simple magatzem privat amb acc\u00e9s les 24 hores\/365 dies, a gesti\u00f3 d&#8217;estocs de mitjanes empreses, fins a col\u00b7laboraci\u00f3 amb equips comercials de multinacionals. Comenta&#8217;ns el teu problema i t&#8217;assegurem una <strong> soluci\u00f3 al millor preu <\/strong> i de la forma m\u00e9s segura.<\/p>\n<p style=\"font-weight: 400;\">A m\u00e9s, el nostre personal t\u00e9 \u00e0mplia experi\u00e8ncia en l&#8217;embalatge de mobles, c\u00e0lcul de cubicatges, requisits per a realitzar correctament una mudan\u00e7a &#8230; Tenim personal especialitzat en la gestions administratives com a tancament de carrers per a mudances , desaduanaje d&#8217;un contenidor al port, mudances internacionals &#8230;<\/p>\n<p>Contacta amb el nostre equip i t&#8217;informarem de tot.<\/p>\n<p>Aquestes m\u00e9s a prop d&#8217;emmagatzemar les teves pertinences en <strong> els Trasters de Lloguer millor situats de Barcelona. <\/strong><\/p>\n","protected":false},"excerpt":{"rendered":"<p>A Trasteros BCN comptem amb m\u00e9s de 25 anys d&#8217;experi\u00e8ncia prestant servei a empreses, aut\u00f2noms i particulars. Per als nostres centres de trasters de lloguer, busquem les millors ubicacions a les principals ciutats , per adequar-nos el m\u00e0xim possible a les necessitats dels nostres clients. Tant se val si has de guardar algunes maletes i [&hellip;]<\/p>\n","protected":false},"author":2,"featured_media":67,"parent":0,"menu_order":0,"comment_status":"closed","ping_status":"closed","template":"quienes-somos.php","meta":{"_acf_changed":false,"footnotes":""},"class_list":["post-337","page","type-page","status-publish","has-post-thumbnail","hentry"],"acf":[],"yoast_head":"<!-- This site is optimized with the Yoast SEO plugin v26.0 - https:\/\/yoast.com\/wordpress\/plugins\/seo\/ -->\n<title>Trasteros BCN | M\u00e9s de 25 anys llogant traster a Barcelona<\/title>\n<meta name=\"description\" content=\"M\u00e9s de 25 anys d&#039;experi\u00e8ncia llogant trasters a empreses i particulars. Centres de trasters a Barcelona, \u200b\u200bCorenell\u00e1 i l&#039;Hospitalet. Coneix-nos!\" \/>\n<meta name=\"robots\" content=\"index, follow, max-snippet:-1, max-image-preview:large, max-video-preview:-1\" \/>\n<link rel=\"canonical\" href=\"https:\/\/www.trasterosbcn.com\/ca\/qui-som\/\" \/>\n<meta property=\"og:locale\" content=\"ca_ES\" \/>\n<meta property=\"og:type\" content=\"article\" \/>\n<meta property=\"og:title\" content=\"Trasteros BCN | M\u00e9s de 25 anys llogant traster a Barcelona\" \/>\n<meta property=\"og:description\" content=\"M\u00e9s de 25 anys d&#039;experi\u00e8ncia llogant trasters a empreses i particulars. Centres de trasters a Barcelona, \u200b\u200bCorenell\u00e1 i l&#039;Hospitalet. Coneix-nos!\" \/>\n<meta property=\"og:url\" content=\"https:\/\/www.trasterosbcn.com\/ca\/qui-som\/\" \/>\n<meta property=\"og:site_name\" content=\"Trasteros BCN\" \/>\n<meta property=\"article:modified_time\" content=\"2017-12-12T11:30:35+00:00\" \/>\n<meta property=\"og:image\" content=\"https:\/\/www.trasterosbcn.com\/wp-content\/uploads\/2017\/11\/image8-400x400.jpg\" \/>\n\t<meta property=\"og:image:width\" content=\"400\" \/>\n\t<meta property=\"og:image:height\" content=\"400\" \/>\n\t<meta property=\"og:image:type\" content=\"image\/jpeg\" \/>\n<meta name=\"twitter:card\" content=\"summary_large_image\" \/>\n<meta name=\"twitter:label1\" content=\"Temps estimat de lectura\" \/>\n\t<meta name=\"twitter:data1\" content=\"1 minut\" \/>\n<script type=\"application\/ld+json\" class=\"yoast-schema-graph\">{\"@context\":\"https:\/\/schema.org\",\"@graph\":[{\"@type\":\"WebPage\",\"@id\":\"https:\/\/www.trasterosbcn.com\/ca\/qui-som\/\",\"url\":\"https:\/\/www.trasterosbcn.com\/ca\/qui-som\/\",\"name\":\"Trasteros BCN | M\u00e9s de 25 anys llogant traster a Barcelona\",\"isPartOf\":{\"@id\":\"https:\/\/www.trasterosbcn.com\/#website\"},\"primaryImageOfPage\":{\"@id\":\"https:\/\/www.trasterosbcn.com\/ca\/qui-som\/#primaryimage\"},\"image\":{\"@id\":\"https:\/\/www.trasterosbcn.com\/ca\/qui-som\/#primaryimage\"},\"thumbnailUrl\":\"https:\/\/www.trasterosbcn.com\/wp-content\/uploads\/2017\/11\/image8-400x400.jpg\",\"datePublished\":\"2017-11-08T08:18:53+00:00\",\"dateModified\":\"2017-12-12T11:30:35+00:00\",\"description\":\"M\u00e9s de 25 anys d'experi\u00e8ncia llogant trasters a empreses i particulars. Centres de trasters a Barcelona, \u200b\u200bCorenell\u00e1 i l'Hospitalet. Coneix-nos!\",\"breadcrumb\":{\"@id\":\"https:\/\/www.trasterosbcn.com\/ca\/qui-som\/#breadcrumb\"},\"inLanguage\":\"ca\",\"potentialAction\":[{\"@type\":\"ReadAction\",\"target\":[\"https:\/\/www.trasterosbcn.com\/ca\/qui-som\/\"]}]},{\"@type\":\"ImageObject\",\"inLanguage\":\"ca\",\"@id\":\"https:\/\/www.trasterosbcn.com\/ca\/qui-som\/#primaryimage\",\"url\":\"https:\/\/www.trasterosbcn.com\/wp-content\/uploads\/2017\/11\/image8-400x400.jpg\",\"contentUrl\":\"https:\/\/www.trasterosbcn.com\/wp-content\/uploads\/2017\/11\/image8-400x400.jpg\",\"width\":400,\"height\":400},{\"@type\":\"BreadcrumbList\",\"@id\":\"https:\/\/www.trasterosbcn.com\/ca\/qui-som\/#breadcrumb\",\"itemListElement\":[{\"@type\":\"ListItem\",\"position\":1,\"name\":\"Portada\",\"item\":\"https:\/\/www.trasterosbcn.com\/ca\/\"},{\"@type\":\"ListItem\",\"position\":2,\"name\":\"Qui som\"}]},{\"@type\":\"WebSite\",\"@id\":\"https:\/\/www.trasterosbcn.com\/#website\",\"url\":\"https:\/\/www.trasterosbcn.com\/\",\"name\":\"Trasteros BCN\",\"description\":\"\",\"potentialAction\":[{\"@type\":\"SearchAction\",\"target\":{\"@type\":\"EntryPoint\",\"urlTemplate\":\"https:\/\/www.trasterosbcn.com\/?s={search_term_string}\"},\"query-input\":{\"@type\":\"PropertyValueSpecification\",\"valueRequired\":true,\"valueName\":\"search_term_string\"}}],\"inLanguage\":\"ca\"}]}<\/script>\n<!-- \/ Yoast SEO plugin. -->","yoast_head_json":{"title":"Trasteros BCN | M\u00e9s de 25 anys llogant traster a Barcelona","description":"M\u00e9s de 25 anys d'experi\u00e8ncia llogant trasters a empreses i particulars. Centres de trasters a Barcelona, \u200b\u200bCorenell\u00e1 i l'Hospitalet. Coneix-nos!","robots":{"index":"index","follow":"follow","max-snippet":"max-snippet:-1","max-image-preview":"max-image-preview:large","max-video-preview":"max-video-preview:-1"},"canonical":"https:\/\/www.trasterosbcn.com\/ca\/qui-som\/","og_locale":"ca_ES","og_type":"article","og_title":"Trasteros BCN | M\u00e9s de 25 anys llogant traster a Barcelona","og_description":"M\u00e9s de 25 anys d'experi\u00e8ncia llogant trasters a empreses i particulars. Centres de trasters a Barcelona, \u200b\u200bCorenell\u00e1 i l'Hospitalet. Coneix-nos!","og_url":"https:\/\/www.trasterosbcn.com\/ca\/qui-som\/","og_site_name":"Trasteros BCN","article_modified_time":"2017-12-12T11:30:35+00:00","og_image":[{"width":400,"height":400,"url":"https:\/\/www.trasterosbcn.com\/wp-content\/uploads\/2017\/11\/image8-400x400.jpg","type":"image\/jpeg"}],"twitter_card":"summary_large_image","twitter_misc":{"Temps estimat de lectura":"1 minut"},"schema":{"@context":"https:\/\/schema.org","@graph":[{"@type":"WebPage","@id":"https:\/\/www.trasterosbcn.com\/ca\/qui-som\/","url":"https:\/\/www.trasterosbcn.com\/ca\/qui-som\/","name":"Trasteros BCN | M\u00e9s de 25 anys llogant traster a Barcelona","isPartOf":{"@id":"https:\/\/www.trasterosbcn.com\/#website"},"primaryImageOfPage":{"@id":"https:\/\/www.trasterosbcn.com\/ca\/qui-som\/#primaryimage"},"image":{"@id":"https:\/\/www.trasterosbcn.com\/ca\/qui-som\/#primaryimage"},"thumbnailUrl":"https:\/\/www.trasterosbcn.com\/wp-content\/uploads\/2017\/11\/image8-400x400.jpg","datePublished":"2017-11-08T08:18:53+00:00","dateModified":"2017-12-12T11:30:35+00:00","description":"M\u00e9s de 25 anys d'experi\u00e8ncia llogant trasters a empreses i particulars. Centres de trasters a Barcelona, \u200b\u200bCorenell\u00e1 i l'Hospitalet. Coneix-nos!","breadcrumb":{"@id":"https:\/\/www.trasterosbcn.com\/ca\/qui-som\/#breadcrumb"},"inLanguage":"ca","potentialAction":[{"@type":"ReadAction","target":["https:\/\/www.trasterosbcn.com\/ca\/qui-som\/"]}]},{"@type":"ImageObject","inLanguage":"ca","@id":"https:\/\/www.trasterosbcn.com\/ca\/qui-som\/#primaryimage","url":"https:\/\/www.trasterosbcn.com\/wp-content\/uploads\/2017\/11\/image8-400x400.jpg","contentUrl":"https:\/\/www.trasterosbcn.com\/wp-content\/uploads\/2017\/11\/image8-400x400.jpg","width":400,"height":400},{"@type":"BreadcrumbList","@id":"https:\/\/www.trasterosbcn.com\/ca\/qui-som\/#breadcrumb","itemListElement":[{"@type":"ListItem","position":1,"name":"Portada","item":"https:\/\/www.trasterosbcn.com\/ca\/"},{"@type":"ListItem","position":2,"name":"Qui som"}]},{"@type":"WebSite","@id":"https:\/\/www.trasterosbcn.com\/#website","url":"https:\/\/www.trasterosbcn.com\/","name":"Trasteros BCN","description":"","potentialAction":[{"@type":"SearchAction","target":{"@type":"EntryPoint","urlTemplate":"https:\/\/www.trasterosbcn.com\/?s={search_term_string}"},"query-input":{"@type":"PropertyValueSpecification","valueRequired":true,"valueName":"search_term_string"}}],"inLanguage":"ca"}]}},"_links":{"self":[{"href":"https:\/\/www.trasterosbcn.com\/ca\/wp-json\/wp\/v2\/pages\/337","targetHints":{"allow":["GET"]}}],"collection":[{"href":"https:\/\/www.trasterosbcn.com\/ca\/wp-json\/wp\/v2\/pages"}],"about":[{"href":"https:\/\/www.trasterosbcn.com\/ca\/wp-json\/wp\/v2\/types\/page"}],"author":[{"embeddable":true,"href":"https:\/\/www.trasterosbcn.com\/ca\/wp-json\/wp\/v2\/users\/2"}],"replies":[{"embeddable":true,"href":"https:\/\/www.trasterosbcn.com\/ca\/wp-json\/wp\/v2\/comments?post=337"}],"version-history":[{"count":0,"href":"https:\/\/www.trasterosbcn.com\/ca\/wp-json\/wp\/v2\/pages\/337\/revisions"}],"wp:featuredmedia":[{"embeddable":true,"href":"https:\/\/www.trasterosbcn.com\/ca\/wp-json\/wp\/v2\/media\/67"}],"wp:attachment":[{"href":"https:\/\/www.trasterosbcn.com\/ca\/wp-json\/wp\/v2\/media?parent=337"}],"curies":[{"name":"wp","href":"https:\/\/api.w.org\/{rel}","templated":true}]}}