{"id":333,"date":"2017-11-22T10:29:16","date_gmt":"2017-11-22T10:29:16","guid":{"rendered":"http:\/\/www.trasterosbcn.com\/oficinas-y-espacios-de-trabajo\/"},"modified":"2017-12-06T16:09:39","modified_gmt":"2017-12-06T16:09:39","slug":"oficines-espais-de-treball","status":"publish","type":"page","link":"https:\/\/www.trasterosbcn.com\/ca\/oficines-espais-de-treball\/","title":{"rendered":"Oficines i espais de treball"},"content":{"rendered":"<p>Complemente el teu traster amb una de les nostres oficines. O simplement llogan una.<\/p>\n<p>Lloguer d&#8217;oficines i espais de treball pel temps que necessitis. <strong>Sense comprom\u00eds de perman\u00e8ncia ni fiances abusives<\/strong>.<\/p>\n<p>Disponible en el format que m\u00e9s s&#8217;adeq\u00fci a les teves necessitats i a les del teu equip: oficines privades o espais de treball en format coworking.<\/p>\n<p>Sala de reunions per a les teves sessions de treball, presentacions a client o formacions.<\/p>\n<p>Servei de <strong>recepci\u00f3 de correu i mercaderies<\/strong> en horari d&#8217;atenci\u00f3 al p\u00fablic del centre, perqu\u00e8 la teva oficina segueixi oberta mentre tu no hi ets present.<\/p>\n<p>Suprimeix els sobrecostos estacionals (electricitat, aigua &#8230;) amb la nostra <strong>tarifa fixa mensual<\/strong>. A m\u00e9s estalviar\u00e0s en costos ja que tots els subministraments estan inclosos.<\/p>\n<p>Totalment equipades segons les teves necessitats i de la mida que necessitis, des dels 10m2 als 50m2.<\/p>\n<p>&nbsp;<\/p>\n","protected":false},"excerpt":{"rendered":"<p>Complemente el teu traster amb una de les nostres oficines. O simplement llogan una. Lloguer d&#8217;oficines i espais de treball pel temps que necessitis. Sense comprom\u00eds de perman\u00e8ncia ni fiances abusives. Disponible en el format que m\u00e9s s&#8217;adeq\u00fci a les teves necessitats i a les del teu equip: oficines privades o espais de treball en [&hellip;]<\/p>\n","protected":false},"author":2,"featured_media":244,"parent":0,"menu_order":0,"comment_status":"closed","ping_status":"closed","template":"trastero.php","meta":{"_acf_changed":false,"footnotes":""},"class_list":["post-333","page","type-page","status-publish","has-post-thumbnail","hentry"],"acf":[],"yoast_head":"<!-- This site is optimized with the Yoast SEO plugin v26.0 - https:\/\/yoast.com\/wordpress\/plugins\/seo\/ -->\n<title>Trasteros BCN | Traster i Oficines de Lloguer a Barcelona<\/title>\n<meta name=\"description\" content=\"Afegir un traster amb una de les nostres oficines. Lloguer d&#039;oficines i espais de treball. Oficines privades o coworking. Informa&#039;t ara!\" \/>\n<meta name=\"robots\" content=\"index, follow, max-snippet:-1, max-image-preview:large, max-video-preview:-1\" \/>\n<link rel=\"canonical\" href=\"https:\/\/www.trasterosbcn.com\/ca\/oficines-espais-de-treball\/\" \/>\n<meta property=\"og:locale\" content=\"ca_ES\" \/>\n<meta property=\"og:type\" content=\"article\" \/>\n<meta property=\"og:title\" content=\"Trasteros BCN | Traster i Oficines de Lloguer a Barcelona\" \/>\n<meta property=\"og:description\" content=\"Afegir un traster amb una de les nostres oficines. Lloguer d&#039;oficines i espais de treball. Oficines privades o coworking. Informa&#039;t ara!\" \/>\n<meta property=\"og:url\" content=\"https:\/\/www.trasterosbcn.com\/ca\/oficines-espais-de-treball\/\" \/>\n<meta property=\"og:site_name\" content=\"Trasteros BCN\" \/>\n<meta property=\"article:modified_time\" content=\"2017-12-06T16:09:39+00:00\" \/>\n<meta property=\"og:image\" content=\"https:\/\/www.trasterosbcn.com\/wp-content\/uploads\/2017\/11\/Trasteros-BCN-oficinas-de-alquiler-trasteros.jpg\" \/>\n\t<meta property=\"og:image:width\" content=\"969\" \/>\n\t<meta property=\"og:image:height\" content=\"519\" \/>\n\t<meta property=\"og:image:type\" content=\"image\/jpeg\" \/>\n<meta name=\"twitter:card\" content=\"summary_large_image\" \/>\n<meta name=\"twitter:label1\" content=\"Temps estimat de lectura\" \/>\n\t<meta name=\"twitter:data1\" content=\"1 minut\" \/>\n<script type=\"application\/ld+json\" class=\"yoast-schema-graph\">{\"@context\":\"https:\/\/schema.org\",\"@graph\":[{\"@type\":\"WebPage\",\"@id\":\"https:\/\/www.trasterosbcn.com\/ca\/oficines-espais-de-treball\/\",\"url\":\"https:\/\/www.trasterosbcn.com\/ca\/oficines-espais-de-treball\/\",\"name\":\"Trasteros BCN | Traster i Oficines de Lloguer a Barcelona\",\"isPartOf\":{\"@id\":\"https:\/\/www.trasterosbcn.com\/#website\"},\"primaryImageOfPage\":{\"@id\":\"https:\/\/www.trasterosbcn.com\/ca\/oficines-espais-de-treball\/#primaryimage\"},\"image\":{\"@id\":\"https:\/\/www.trasterosbcn.com\/ca\/oficines-espais-de-treball\/#primaryimage\"},\"thumbnailUrl\":\"https:\/\/www.trasterosbcn.com\/wp-content\/uploads\/2017\/11\/Trasteros-BCN-oficinas-de-alquiler-trasteros.jpg\",\"datePublished\":\"2017-11-22T10:29:16+00:00\",\"dateModified\":\"2017-12-06T16:09:39+00:00\",\"description\":\"Afegir un traster amb una de les nostres oficines. Lloguer d'oficines i espais de treball. Oficines privades o coworking. Informa't ara!\",\"breadcrumb\":{\"@id\":\"https:\/\/www.trasterosbcn.com\/ca\/oficines-espais-de-treball\/#breadcrumb\"},\"inLanguage\":\"ca\",\"potentialAction\":[{\"@type\":\"ReadAction\",\"target\":[\"https:\/\/www.trasterosbcn.com\/ca\/oficines-espais-de-treball\/\"]}]},{\"@type\":\"ImageObject\",\"inLanguage\":\"ca\",\"@id\":\"https:\/\/www.trasterosbcn.com\/ca\/oficines-espais-de-treball\/#primaryimage\",\"url\":\"https:\/\/www.trasterosbcn.com\/wp-content\/uploads\/2017\/11\/Trasteros-BCN-oficinas-de-alquiler-trasteros.jpg\",\"contentUrl\":\"https:\/\/www.trasterosbcn.com\/wp-content\/uploads\/2017\/11\/Trasteros-BCN-oficinas-de-alquiler-trasteros.jpg\",\"width\":969,\"height\":519},{\"@type\":\"BreadcrumbList\",\"@id\":\"https:\/\/www.trasterosbcn.com\/ca\/oficines-espais-de-treball\/#breadcrumb\",\"itemListElement\":[{\"@type\":\"ListItem\",\"position\":1,\"name\":\"Portada\",\"item\":\"https:\/\/www.trasterosbcn.com\/ca\/\"},{\"@type\":\"ListItem\",\"position\":2,\"name\":\"Oficines i espais de treball\"}]},{\"@type\":\"WebSite\",\"@id\":\"https:\/\/www.trasterosbcn.com\/#website\",\"url\":\"https:\/\/www.trasterosbcn.com\/\",\"name\":\"Trasteros BCN\",\"description\":\"\",\"potentialAction\":[{\"@type\":\"SearchAction\",\"target\":{\"@type\":\"EntryPoint\",\"urlTemplate\":\"https:\/\/www.trasterosbcn.com\/?s={search_term_string}\"},\"query-input\":{\"@type\":\"PropertyValueSpecification\",\"valueRequired\":true,\"valueName\":\"search_term_string\"}}],\"inLanguage\":\"ca\"}]}<\/script>\n<!-- \/ Yoast SEO plugin. -->","yoast_head_json":{"title":"Trasteros BCN | Traster i Oficines de Lloguer a Barcelona","description":"Afegir un traster amb una de les nostres oficines. Lloguer d'oficines i espais de treball. Oficines privades o coworking. Informa't ara!","robots":{"index":"index","follow":"follow","max-snippet":"max-snippet:-1","max-image-preview":"max-image-preview:large","max-video-preview":"max-video-preview:-1"},"canonical":"https:\/\/www.trasterosbcn.com\/ca\/oficines-espais-de-treball\/","og_locale":"ca_ES","og_type":"article","og_title":"Trasteros BCN | Traster i Oficines de Lloguer a Barcelona","og_description":"Afegir un traster amb una de les nostres oficines. Lloguer d'oficines i espais de treball. Oficines privades o coworking. Informa't ara!","og_url":"https:\/\/www.trasterosbcn.com\/ca\/oficines-espais-de-treball\/","og_site_name":"Trasteros BCN","article_modified_time":"2017-12-06T16:09:39+00:00","og_image":[{"width":969,"height":519,"url":"https:\/\/www.trasterosbcn.com\/wp-content\/uploads\/2017\/11\/Trasteros-BCN-oficinas-de-alquiler-trasteros.jpg","type":"image\/jpeg"}],"twitter_card":"summary_large_image","twitter_misc":{"Temps estimat de lectura":"1 minut"},"schema":{"@context":"https:\/\/schema.org","@graph":[{"@type":"WebPage","@id":"https:\/\/www.trasterosbcn.com\/ca\/oficines-espais-de-treball\/","url":"https:\/\/www.trasterosbcn.com\/ca\/oficines-espais-de-treball\/","name":"Trasteros BCN | Traster i Oficines de Lloguer a Barcelona","isPartOf":{"@id":"https:\/\/www.trasterosbcn.com\/#website"},"primaryImageOfPage":{"@id":"https:\/\/www.trasterosbcn.com\/ca\/oficines-espais-de-treball\/#primaryimage"},"image":{"@id":"https:\/\/www.trasterosbcn.com\/ca\/oficines-espais-de-treball\/#primaryimage"},"thumbnailUrl":"https:\/\/www.trasterosbcn.com\/wp-content\/uploads\/2017\/11\/Trasteros-BCN-oficinas-de-alquiler-trasteros.jpg","datePublished":"2017-11-22T10:29:16+00:00","dateModified":"2017-12-06T16:09:39+00:00","description":"Afegir un traster amb una de les nostres oficines. Lloguer d'oficines i espais de treball. Oficines privades o coworking. Informa't ara!","breadcrumb":{"@id":"https:\/\/www.trasterosbcn.com\/ca\/oficines-espais-de-treball\/#breadcrumb"},"inLanguage":"ca","potentialAction":[{"@type":"ReadAction","target":["https:\/\/www.trasterosbcn.com\/ca\/oficines-espais-de-treball\/"]}]},{"@type":"ImageObject","inLanguage":"ca","@id":"https:\/\/www.trasterosbcn.com\/ca\/oficines-espais-de-treball\/#primaryimage","url":"https:\/\/www.trasterosbcn.com\/wp-content\/uploads\/2017\/11\/Trasteros-BCN-oficinas-de-alquiler-trasteros.jpg","contentUrl":"https:\/\/www.trasterosbcn.com\/wp-content\/uploads\/2017\/11\/Trasteros-BCN-oficinas-de-alquiler-trasteros.jpg","width":969,"height":519},{"@type":"BreadcrumbList","@id":"https:\/\/www.trasterosbcn.com\/ca\/oficines-espais-de-treball\/#breadcrumb","itemListElement":[{"@type":"ListItem","position":1,"name":"Portada","item":"https:\/\/www.trasterosbcn.com\/ca\/"},{"@type":"ListItem","position":2,"name":"Oficines i espais de treball"}]},{"@type":"WebSite","@id":"https:\/\/www.trasterosbcn.com\/#website","url":"https:\/\/www.trasterosbcn.com\/","name":"Trasteros BCN","description":"","potentialAction":[{"@type":"SearchAction","target":{"@type":"EntryPoint","urlTemplate":"https:\/\/www.trasterosbcn.com\/?s={search_term_string}"},"query-input":{"@type":"PropertyValueSpecification","valueRequired":true,"valueName":"search_term_string"}}],"inLanguage":"ca"}]}},"_links":{"self":[{"href":"https:\/\/www.trasterosbcn.com\/ca\/wp-json\/wp\/v2\/pages\/333","targetHints":{"allow":["GET"]}}],"collection":[{"href":"https:\/\/www.trasterosbcn.com\/ca\/wp-json\/wp\/v2\/pages"}],"about":[{"href":"https:\/\/www.trasterosbcn.com\/ca\/wp-json\/wp\/v2\/types\/page"}],"author":[{"embeddable":true,"href":"https:\/\/www.trasterosbcn.com\/ca\/wp-json\/wp\/v2\/users\/2"}],"replies":[{"embeddable":true,"href":"https:\/\/www.trasterosbcn.com\/ca\/wp-json\/wp\/v2\/comments?post=333"}],"version-history":[{"count":0,"href":"https:\/\/www.trasterosbcn.com\/ca\/wp-json\/wp\/v2\/pages\/333\/revisions"}],"wp:featuredmedia":[{"embeddable":true,"href":"https:\/\/www.trasterosbcn.com\/ca\/wp-json\/wp\/v2\/media\/244"}],"wp:attachment":[{"href":"https:\/\/www.trasterosbcn.com\/ca\/wp-json\/wp\/v2\/media?parent=333"}],"curies":[{"name":"wp","href":"https:\/\/api.w.org\/{rel}","templated":true}]}}