{"id":320,"date":"2017-11-08T08:21:22","date_gmt":"2017-11-08T08:21:22","guid":{"rendered":"http:\/\/www.trasterosbcn.com\/contacto\/"},"modified":"2020-11-30T09:48:55","modified_gmt":"2020-11-30T09:48:55","slug":"contacte","status":"publish","type":"page","link":"https:\/\/www.trasterosbcn.com\/ca\/contacte\/","title":{"rendered":"Contacte"},"content":{"rendered":"\n<div class=\"wpcf7 no-js\" id=\"wpcf7-f307-o1\" lang=\"es-ES\" dir=\"ltr\" data-wpcf7-id=\"307\">\n<div class=\"screen-reader-response\"><p role=\"status\" aria-live=\"polite\" aria-atomic=\"true\"><\/p> <ul><\/ul><\/div>\n<form action=\"\/ca\/wp-json\/wp\/v2\/pages\/320#wpcf7-f307-o1\" method=\"post\" class=\"wpcf7-form init\" aria-label=\"Formulario de contacto\" novalidate=\"novalidate\" data-status=\"init\">\n<fieldset class=\"hidden-fields-container\"><input type=\"hidden\" name=\"_wpcf7\" value=\"307\" \/><input type=\"hidden\" name=\"_wpcf7_version\" value=\"6.1.2\" \/><input type=\"hidden\" name=\"_wpcf7_locale\" value=\"es_ES\" \/><input type=\"hidden\" name=\"_wpcf7_unit_tag\" value=\"wpcf7-f307-o1\" \/><input type=\"hidden\" name=\"_wpcf7_container_post\" value=\"0\" \/><input type=\"hidden\" name=\"_wpcf7_posted_data_hash\" value=\"\" \/>\n<\/fieldset>\n<div class=\"contactform-contacto\">\n\t<div class=\"col-md-12\">\n\t\t<h2>INFORMA'T SENSE COMPROM\u00cdS\n\t\t<\/h2>\n\t\t<p>Posa't en contacte amb nosaltres a trav\u00e9s d'aquest formulari per sol\u00b7licitar m\u00e9s informaci\u00f3 sobre els nostres serveis o b\u00e9 truca al tel\u00e8fon <a class=\"tel-form-a\" href=\"tel:935255631\">935 255 631<\/a>. Moltes gr\u00e0cies\n\t\t<\/p>\n\t<\/div>\n\t<div class=\"col-lg-6 col-md-12\">\n\t\t<p><span class=\"wpcf7-form-control-wrap\" data-name=\"your-name\"><input size=\"40\" maxlength=\"400\" class=\"wpcf7-form-control wpcf7-text wpcf7-validates-as-required\" aria-required=\"true\" aria-invalid=\"false\" placeholder=\"Nom\" value=\"\" type=\"text\" name=\"your-name\" \/><\/span>\n\t\t<\/p>\n\t<\/div>\n\t<div class=\"col-lg-6 col-md-12\">\n\t\t<p><span class=\"wpcf7-form-control-wrap\" data-name=\"your-lastname\"><input size=\"40\" maxlength=\"400\" class=\"wpcf7-form-control wpcf7-text wpcf7-validates-as-required\" aria-required=\"true\" aria-invalid=\"false\" placeholder=\"Cognoms\" value=\"\" type=\"text\" name=\"your-lastname\" \/><\/span>\n\t\t<\/p>\n\t<\/div>\n\t<div class=\"col-lg-6 col-md-12\">\n\t\t<p><span class=\"wpcf7-form-control-wrap\" data-name=\"your-email\"><input size=\"40\" maxlength=\"400\" class=\"wpcf7-form-control wpcf7-email wpcf7-validates-as-required wpcf7-text wpcf7-validates-as-email\" aria-required=\"true\" aria-invalid=\"false\" placeholder=\"Email\" value=\"\" type=\"email\" name=\"your-email\" \/><\/span>\n\t\t<\/p>\n\t<\/div>\n\t<div class=\"col-lg-6 col-md-12\">\n\t\t<p><span class=\"wpcf7-form-control-wrap\" data-name=\"phone\"><input size=\"40\" maxlength=\"400\" class=\"wpcf7-form-control wpcf7-tel wpcf7-text wpcf7-validates-as-tel\" aria-invalid=\"false\" placeholder=\"Tel\u00e8fon\" value=\"\" type=\"tel\" name=\"phone\" \/><\/span>\n\t\t<\/p>\n\t<\/div>\n\t<div class=\"col-md-12\">\n\t\t<p><span class=\"wpcf7-form-control-wrap\" data-name=\"your-message\"><textarea cols=\"40\" rows=\"10\" maxlength=\"2000\" class=\"wpcf7-form-control wpcf7-textarea\" aria-invalid=\"false\" placeholder=\"Missatge\" name=\"your-message\"><\/textarea><\/span>\n\t\t<\/p>\n\t<\/div>\n\t<div class=\"acceptance\" style=\"margin-bottom: 10px;\">\n\t\t<p><label><br \/>\n<span class=\"wpcf7-form-control-wrap\" data-name=\"checkbox-privacidad\"><span class=\"wpcf7-form-control wpcf7-acceptance\"><span class=\"wpcf7-list-item\"><input type=\"checkbox\" name=\"checkbox-privacidad\" value=\"1\" aria-invalid=\"false\" \/><\/span><\/span><\/span>He llegit i accepto la <a href=\"\/politica-de-privacidad\/#clausula-formulario\">Pol\u00edtica de privacitat<\/a><br \/>\n<\/label><br \/>\n<label><br \/>\n<span class=\"wpcf7-form-control-wrap\" data-name=\"checkbox-newsletter\"><span class=\"wpcf7-form-control wpcf7-acceptance optional\"><span class=\"wpcf7-list-item\"><input type=\"checkbox\" name=\"checkbox-newsletter\" value=\"1\" aria-invalid=\"false\" \/><\/span><\/span><\/span>He llegit i accepto rebre comunicaciones de car\u00e0cter comercial<\/label>\n\t\t<\/p>\n\t<\/div>\n<input class=\"wpcf7-form-control wpcf7-hidden\" id=\"urlField\" value=\"\" type=\"hidden\" name=\"origen\" \/>\n\t<p><script>\nif(jQuery(\"#urlField\")) {\njQuery(\"#urlField\").val(window.location.pathname);\n}\n<\/script>\n\t<\/p>\n\t<div class=\"col-md-12\">\n\t\t<p><span id=\"wpcf7-6a05e9c0566c0-wrapper\" class=\"wpcf7-form-control-wrap email-wrap\" style=\"display:none !important; visibility:hidden !important;\"><label for=\"wpcf7-6a05e9c0566c0-field\" class=\"hp-message\">Por favor, deja este campo vac\u00edo.<\/label><input id=\"wpcf7-6a05e9c0566c0-field\"  class=\"wpcf7-form-control wpcf7-text\" type=\"text\" name=\"email\" value=\"\" size=\"40\" tabindex=\"-1\" autocomplete=\"new-password\" \/><\/span>\n\t\t<\/p>\n\t<\/div>\n\t<div class=\"col-lg-6 col-md-12 div-submit\">\n\t\t<p><input class=\"wpcf7-form-control wpcf7-submit has-spinner\" type=\"submit\" value=\"Enviar\" \/>\n\t\t<\/p>\n\t<\/div>\n<\/div><div class=\"wpcf7-response-output\" aria-hidden=\"true\"><\/div>\n<\/form>\n<\/div>\n\n","protected":false},"excerpt":{"rendered":"","protected":false},"author":2,"featured_media":0,"parent":0,"menu_order":0,"comment_status":"closed","ping_status":"closed","template":"contacto.php","meta":{"_acf_changed":false,"footnotes":""},"class_list":["post-320","page","type-page","status-publish","hentry"],"acf":[],"yoast_head":"<!-- This site is optimized with the Yoast SEO plugin v26.0 - https:\/\/yoast.com\/wordpress\/plugins\/seo\/ -->\n<title>Trasteros BCN | Preu Traster Lloguer Barcelona. Demana pressupost!<\/title>\n<meta name=\"description\" content=\"Preu Traster Lloguer Barcelona Vols que et fem un pressupost a mida? A Trasteros BCN nom\u00e9s pagar\u00e0s pel que necessitis. Informa&#039;t!\" \/>\n<meta name=\"robots\" content=\"index, follow, max-snippet:-1, max-image-preview:large, max-video-preview:-1\" \/>\n<link rel=\"canonical\" href=\"https:\/\/www.trasterosbcn.com\/ca\/contacte\/\" \/>\n<meta property=\"og:locale\" content=\"ca_ES\" \/>\n<meta property=\"og:type\" content=\"article\" \/>\n<meta property=\"og:title\" content=\"Trasteros BCN | Preu Traster Lloguer Barcelona. Demana pressupost!\" \/>\n<meta property=\"og:description\" content=\"Preu Traster Lloguer Barcelona Vols que et fem un pressupost a mida? A Trasteros BCN nom\u00e9s pagar\u00e0s pel que necessitis. Informa&#039;t!\" \/>\n<meta property=\"og:url\" content=\"https:\/\/www.trasterosbcn.com\/ca\/contacte\/\" \/>\n<meta property=\"og:site_name\" content=\"Trasteros BCN\" \/>\n<meta property=\"article:modified_time\" content=\"2020-11-30T09:48:55+00:00\" \/>\n<meta name=\"twitter:card\" content=\"summary_large_image\" \/>\n<script type=\"application\/ld+json\" class=\"yoast-schema-graph\">{\"@context\":\"https:\/\/schema.org\",\"@graph\":[{\"@type\":\"WebPage\",\"@id\":\"https:\/\/www.trasterosbcn.com\/ca\/contacte\/\",\"url\":\"https:\/\/www.trasterosbcn.com\/ca\/contacte\/\",\"name\":\"Trasteros BCN | Preu Traster Lloguer Barcelona. Demana pressupost!\",\"isPartOf\":{\"@id\":\"https:\/\/www.trasterosbcn.com\/#website\"},\"datePublished\":\"2017-11-08T08:21:22+00:00\",\"dateModified\":\"2020-11-30T09:48:55+00:00\",\"description\":\"Preu Traster Lloguer Barcelona Vols que et fem un pressupost a mida? A Trasteros BCN nom\u00e9s pagar\u00e0s pel que necessitis. Informa't!\",\"breadcrumb\":{\"@id\":\"https:\/\/www.trasterosbcn.com\/ca\/contacte\/#breadcrumb\"},\"inLanguage\":\"ca\",\"potentialAction\":[{\"@type\":\"ReadAction\",\"target\":[\"https:\/\/www.trasterosbcn.com\/ca\/contacte\/\"]}]},{\"@type\":\"BreadcrumbList\",\"@id\":\"https:\/\/www.trasterosbcn.com\/ca\/contacte\/#breadcrumb\",\"itemListElement\":[{\"@type\":\"ListItem\",\"position\":1,\"name\":\"Portada\",\"item\":\"https:\/\/www.trasterosbcn.com\/ca\/\"},{\"@type\":\"ListItem\",\"position\":2,\"name\":\"Contacte\"}]},{\"@type\":\"WebSite\",\"@id\":\"https:\/\/www.trasterosbcn.com\/#website\",\"url\":\"https:\/\/www.trasterosbcn.com\/\",\"name\":\"Trasteros BCN\",\"description\":\"\",\"potentialAction\":[{\"@type\":\"SearchAction\",\"target\":{\"@type\":\"EntryPoint\",\"urlTemplate\":\"https:\/\/www.trasterosbcn.com\/?s={search_term_string}\"},\"query-input\":{\"@type\":\"PropertyValueSpecification\",\"valueRequired\":true,\"valueName\":\"search_term_string\"}}],\"inLanguage\":\"ca\"}]}<\/script>\n<!-- \/ Yoast SEO plugin. -->","yoast_head_json":{"title":"Trasteros BCN | Preu Traster Lloguer Barcelona. Demana pressupost!","description":"Preu Traster Lloguer Barcelona Vols que et fem un pressupost a mida? A Trasteros BCN nom\u00e9s pagar\u00e0s pel que necessitis. Informa't!","robots":{"index":"index","follow":"follow","max-snippet":"max-snippet:-1","max-image-preview":"max-image-preview:large","max-video-preview":"max-video-preview:-1"},"canonical":"https:\/\/www.trasterosbcn.com\/ca\/contacte\/","og_locale":"ca_ES","og_type":"article","og_title":"Trasteros BCN | Preu Traster Lloguer Barcelona. Demana pressupost!","og_description":"Preu Traster Lloguer Barcelona Vols que et fem un pressupost a mida? A Trasteros BCN nom\u00e9s pagar\u00e0s pel que necessitis. Informa't!","og_url":"https:\/\/www.trasterosbcn.com\/ca\/contacte\/","og_site_name":"Trasteros BCN","article_modified_time":"2020-11-30T09:48:55+00:00","twitter_card":"summary_large_image","schema":{"@context":"https:\/\/schema.org","@graph":[{"@type":"WebPage","@id":"https:\/\/www.trasterosbcn.com\/ca\/contacte\/","url":"https:\/\/www.trasterosbcn.com\/ca\/contacte\/","name":"Trasteros BCN | Preu Traster Lloguer Barcelona. Demana pressupost!","isPartOf":{"@id":"https:\/\/www.trasterosbcn.com\/#website"},"datePublished":"2017-11-08T08:21:22+00:00","dateModified":"2020-11-30T09:48:55+00:00","description":"Preu Traster Lloguer Barcelona Vols que et fem un pressupost a mida? A Trasteros BCN nom\u00e9s pagar\u00e0s pel que necessitis. Informa't!","breadcrumb":{"@id":"https:\/\/www.trasterosbcn.com\/ca\/contacte\/#breadcrumb"},"inLanguage":"ca","potentialAction":[{"@type":"ReadAction","target":["https:\/\/www.trasterosbcn.com\/ca\/contacte\/"]}]},{"@type":"BreadcrumbList","@id":"https:\/\/www.trasterosbcn.com\/ca\/contacte\/#breadcrumb","itemListElement":[{"@type":"ListItem","position":1,"name":"Portada","item":"https:\/\/www.trasterosbcn.com\/ca\/"},{"@type":"ListItem","position":2,"name":"Contacte"}]},{"@type":"WebSite","@id":"https:\/\/www.trasterosbcn.com\/#website","url":"https:\/\/www.trasterosbcn.com\/","name":"Trasteros BCN","description":"","potentialAction":[{"@type":"SearchAction","target":{"@type":"EntryPoint","urlTemplate":"https:\/\/www.trasterosbcn.com\/?s={search_term_string}"},"query-input":{"@type":"PropertyValueSpecification","valueRequired":true,"valueName":"search_term_string"}}],"inLanguage":"ca"}]}},"_links":{"self":[{"href":"https:\/\/www.trasterosbcn.com\/ca\/wp-json\/wp\/v2\/pages\/320","targetHints":{"allow":["GET"]}}],"collection":[{"href":"https:\/\/www.trasterosbcn.com\/ca\/wp-json\/wp\/v2\/pages"}],"about":[{"href":"https:\/\/www.trasterosbcn.com\/ca\/wp-json\/wp\/v2\/types\/page"}],"author":[{"embeddable":true,"href":"https:\/\/www.trasterosbcn.com\/ca\/wp-json\/wp\/v2\/users\/2"}],"replies":[{"embeddable":true,"href":"https:\/\/www.trasterosbcn.com\/ca\/wp-json\/wp\/v2\/comments?post=320"}],"version-history":[{"count":0,"href":"https:\/\/www.trasterosbcn.com\/ca\/wp-json\/wp\/v2\/pages\/320\/revisions"}],"wp:attachment":[{"href":"https:\/\/www.trasterosbcn.com\/ca\/wp-json\/wp\/v2\/media?parent=320"}],"curies":[{"name":"wp","href":"https:\/\/api.w.org\/{rel}","templated":true}]}}