{"id":312,"date":"2017-11-08T08:19:55","date_gmt":"2017-11-08T08:19:55","guid":{"rendered":"http:\/\/www.trasterosbcn.com\/centro-cornella\/"},"modified":"2025-10-02T08:18:15","modified_gmt":"2025-10-02T08:18:15","slug":"centre-cornella","status":"publish","type":"page","link":"https:\/\/www.trasterosbcn.com\/ca\/centre-cornella\/","title":{"rendered":"Centre Cornell\u00e0 \/ Sant Joan Desp\u00ed"},"content":{"rendered":"<p>El nostre centre de Cornell\u00e0\u00a0\/ Sant Joan Desp\u00ed est\u00e0 pensat per emmagatzemar grans quantitats de material, mudances de gran volum com les internacionals, etc. \u00c9s un centre estrat\u00e8gic per la seva situaci\u00f3 per al transport pesat per carretera i molt ben comunicat per a accedir amb cami\u00f3 tant al port com l&#8217;aeroport de Barcelona.<\/p>\n<p><strong>Horari d&#8217;o\ufb01cina:<\/strong><\/p>\n<ul>\n<li>Dilluns a divendres de 9:00h a 15:00h<\/li>\n<li>Dissabtes de 10:00h a 14:00h<\/li>\n<\/ul>\n<p><strong>Caracter\u00edstiques del centre:<\/strong><\/p>\n<ul>\n<li class=\"m_7152194857237434224MsoListParagraph\">Acc\u00e9s directes per a c\u00e0rrega i desc\u00e0rrega<u><\/u><u><\/u><\/li>\n<li class=\"m_7152194857237434224MsoListParagraph\">Traster privat<u><\/u><u><\/u><\/li>\n<li class=\"m_7152194857237434224MsoListParagraph\">Acc\u00e9s amb N\u00ba PIN<u><\/u><u><\/u><\/li>\n<li class=\"m_7152194857237434224MsoListParagraph\">C\u00e0meres de vigil\u00e0ncia<u><\/u><u><\/u><\/li>\n<li class=\"m_7152194857237434224MsoListParagraph\">Des de 1m2 fina a 200m2<u><\/u><u><\/u><\/li>\n<li class=\"m_7152194857237434224MsoListParagraph\">Aparcament gratu\u00eft<u><\/u><u><\/u><\/li>\n<li class=\"m_7152194857237434224MsoListParagraph\">Servei de Mudances<u><\/u><u><\/u><\/li>\n<li class=\"m_7152194857237434224MsoListParagraph\">Carretons per traslladar les teves coses c\u00f2modament<\/li>\n<\/ul>\n","protected":false},"excerpt":{"rendered":"<p>El nostre centre de Cornell\u00e0\u00a0\/ Sant Joan Desp\u00ed est\u00e0 pensat per emmagatzemar grans quantitats de material, mudances de gran volum com les internacionals, etc. \u00c9s un centre estrat\u00e8gic per la seva situaci\u00f3 per al transport pesat per carretera i molt ben comunicat per a accedir amb cami\u00f3 tant al port com l&#8217;aeroport de Barcelona. Horari [&hellip;]<\/p>\n","protected":false},"author":2,"featured_media":231,"parent":0,"menu_order":0,"comment_status":"closed","ping_status":"closed","template":"centro.php","meta":{"_acf_changed":false,"footnotes":""},"class_list":["post-312","page","type-page","status-publish","has-post-thumbnail","hentry"],"acf":[],"yoast_head":"<!-- This site is optimized with the Yoast SEO plugin v26.0 - https:\/\/yoast.com\/wordpress\/plugins\/seo\/ -->\n<title>Trasteros BCN | Traster de Lloguer a Barcelona - Centre Cornell\u00e0<\/title>\n<meta name=\"description\" content=\"Descobreix els nostres centres de trasters a Barcelona, \u200b\u200bCorenell\u00e1 i l&#039;Hospitalet. Les millors instal\u00b7lacions per a la teva comoditat. Servei de mudances.\" \/>\n<meta name=\"robots\" content=\"index, follow, max-snippet:-1, max-image-preview:large, max-video-preview:-1\" \/>\n<link rel=\"canonical\" href=\"https:\/\/www.trasterosbcn.com\/ca\/centre-cornella\/\" \/>\n<meta property=\"og:locale\" content=\"ca_ES\" \/>\n<meta property=\"og:type\" content=\"article\" \/>\n<meta property=\"og:title\" content=\"Trasteros BCN | Traster de Lloguer a Barcelona - Centre Cornell\u00e0\" \/>\n<meta property=\"og:description\" content=\"Descobreix els nostres centres de trasters a Barcelona, \u200b\u200bCorenell\u00e1 i l&#039;Hospitalet. Les millors instal\u00b7lacions per a la teva comoditat. Servei de mudances.\" \/>\n<meta property=\"og:url\" content=\"https:\/\/www.trasterosbcn.com\/ca\/centre-cornella\/\" \/>\n<meta property=\"og:site_name\" content=\"Trasteros BCN\" \/>\n<meta property=\"article:modified_time\" content=\"2025-10-02T08:18:15+00:00\" \/>\n<meta property=\"og:image\" content=\"https:\/\/www.trasterosbcn.com\/wp-content\/uploads\/2017\/11\/Trasteros-BCN-trasteros-barcelona.jpg\" \/>\n\t<meta property=\"og:image:width\" content=\"969\" \/>\n\t<meta property=\"og:image:height\" content=\"519\" \/>\n\t<meta property=\"og:image:type\" content=\"image\/jpeg\" \/>\n<meta name=\"twitter:card\" content=\"summary_large_image\" \/>\n<meta name=\"twitter:label1\" content=\"Temps estimat de lectura\" \/>\n\t<meta name=\"twitter:data1\" content=\"1 minut\" \/>\n<script type=\"application\/ld+json\" class=\"yoast-schema-graph\">{\"@context\":\"https:\/\/schema.org\",\"@graph\":[{\"@type\":\"WebPage\",\"@id\":\"https:\/\/www.trasterosbcn.com\/ca\/centre-cornella\/\",\"url\":\"https:\/\/www.trasterosbcn.com\/ca\/centre-cornella\/\",\"name\":\"Trasteros BCN | Traster de Lloguer a Barcelona - Centre Cornell\u00e0\",\"isPartOf\":{\"@id\":\"https:\/\/www.trasterosbcn.com\/#website\"},\"primaryImageOfPage\":{\"@id\":\"https:\/\/www.trasterosbcn.com\/ca\/centre-cornella\/#primaryimage\"},\"image\":{\"@id\":\"https:\/\/www.trasterosbcn.com\/ca\/centre-cornella\/#primaryimage\"},\"thumbnailUrl\":\"https:\/\/www.trasterosbcn.com\/wp-content\/uploads\/2017\/11\/Trasteros-BCN-trasteros-barcelona.jpg\",\"datePublished\":\"2017-11-08T08:19:55+00:00\",\"dateModified\":\"2025-10-02T08:18:15+00:00\",\"description\":\"Descobreix els nostres centres de trasters a Barcelona, \u200b\u200bCorenell\u00e1 i l'Hospitalet. Les millors instal\u00b7lacions per a la teva comoditat. Servei de mudances.\",\"breadcrumb\":{\"@id\":\"https:\/\/www.trasterosbcn.com\/ca\/centre-cornella\/#breadcrumb\"},\"inLanguage\":\"ca\",\"potentialAction\":[{\"@type\":\"ReadAction\",\"target\":[\"https:\/\/www.trasterosbcn.com\/ca\/centre-cornella\/\"]}]},{\"@type\":\"ImageObject\",\"inLanguage\":\"ca\",\"@id\":\"https:\/\/www.trasterosbcn.com\/ca\/centre-cornella\/#primaryimage\",\"url\":\"https:\/\/www.trasterosbcn.com\/wp-content\/uploads\/2017\/11\/Trasteros-BCN-trasteros-barcelona.jpg\",\"contentUrl\":\"https:\/\/www.trasterosbcn.com\/wp-content\/uploads\/2017\/11\/Trasteros-BCN-trasteros-barcelona.jpg\",\"width\":969,\"height\":519},{\"@type\":\"BreadcrumbList\",\"@id\":\"https:\/\/www.trasterosbcn.com\/ca\/centre-cornella\/#breadcrumb\",\"itemListElement\":[{\"@type\":\"ListItem\",\"position\":1,\"name\":\"Portada\",\"item\":\"https:\/\/www.trasterosbcn.com\/ca\/\"},{\"@type\":\"ListItem\",\"position\":2,\"name\":\"Centre Cornell\u00e0 \/ Sant Joan Desp\u00ed\"}]},{\"@type\":\"WebSite\",\"@id\":\"https:\/\/www.trasterosbcn.com\/#website\",\"url\":\"https:\/\/www.trasterosbcn.com\/\",\"name\":\"Trasteros BCN\",\"description\":\"\",\"potentialAction\":[{\"@type\":\"SearchAction\",\"target\":{\"@type\":\"EntryPoint\",\"urlTemplate\":\"https:\/\/www.trasterosbcn.com\/?s={search_term_string}\"},\"query-input\":{\"@type\":\"PropertyValueSpecification\",\"valueRequired\":true,\"valueName\":\"search_term_string\"}}],\"inLanguage\":\"ca\"}]}<\/script>\n<!-- \/ Yoast SEO plugin. -->","yoast_head_json":{"title":"Trasteros BCN | Traster de Lloguer a Barcelona - Centre Cornell\u00e0","description":"Descobreix els nostres centres de trasters a Barcelona, \u200b\u200bCorenell\u00e1 i l'Hospitalet. Les millors instal\u00b7lacions per a la teva comoditat. Servei de mudances.","robots":{"index":"index","follow":"follow","max-snippet":"max-snippet:-1","max-image-preview":"max-image-preview:large","max-video-preview":"max-video-preview:-1"},"canonical":"https:\/\/www.trasterosbcn.com\/ca\/centre-cornella\/","og_locale":"ca_ES","og_type":"article","og_title":"Trasteros BCN | Traster de Lloguer a Barcelona - Centre Cornell\u00e0","og_description":"Descobreix els nostres centres de trasters a Barcelona, \u200b\u200bCorenell\u00e1 i l'Hospitalet. Les millors instal\u00b7lacions per a la teva comoditat. Servei de mudances.","og_url":"https:\/\/www.trasterosbcn.com\/ca\/centre-cornella\/","og_site_name":"Trasteros BCN","article_modified_time":"2025-10-02T08:18:15+00:00","og_image":[{"width":969,"height":519,"url":"https:\/\/www.trasterosbcn.com\/wp-content\/uploads\/2017\/11\/Trasteros-BCN-trasteros-barcelona.jpg","type":"image\/jpeg"}],"twitter_card":"summary_large_image","twitter_misc":{"Temps estimat de lectura":"1 minut"},"schema":{"@context":"https:\/\/schema.org","@graph":[{"@type":"WebPage","@id":"https:\/\/www.trasterosbcn.com\/ca\/centre-cornella\/","url":"https:\/\/www.trasterosbcn.com\/ca\/centre-cornella\/","name":"Trasteros BCN | Traster de Lloguer a Barcelona - Centre Cornell\u00e0","isPartOf":{"@id":"https:\/\/www.trasterosbcn.com\/#website"},"primaryImageOfPage":{"@id":"https:\/\/www.trasterosbcn.com\/ca\/centre-cornella\/#primaryimage"},"image":{"@id":"https:\/\/www.trasterosbcn.com\/ca\/centre-cornella\/#primaryimage"},"thumbnailUrl":"https:\/\/www.trasterosbcn.com\/wp-content\/uploads\/2017\/11\/Trasteros-BCN-trasteros-barcelona.jpg","datePublished":"2017-11-08T08:19:55+00:00","dateModified":"2025-10-02T08:18:15+00:00","description":"Descobreix els nostres centres de trasters a Barcelona, \u200b\u200bCorenell\u00e1 i l'Hospitalet. Les millors instal\u00b7lacions per a la teva comoditat. Servei de mudances.","breadcrumb":{"@id":"https:\/\/www.trasterosbcn.com\/ca\/centre-cornella\/#breadcrumb"},"inLanguage":"ca","potentialAction":[{"@type":"ReadAction","target":["https:\/\/www.trasterosbcn.com\/ca\/centre-cornella\/"]}]},{"@type":"ImageObject","inLanguage":"ca","@id":"https:\/\/www.trasterosbcn.com\/ca\/centre-cornella\/#primaryimage","url":"https:\/\/www.trasterosbcn.com\/wp-content\/uploads\/2017\/11\/Trasteros-BCN-trasteros-barcelona.jpg","contentUrl":"https:\/\/www.trasterosbcn.com\/wp-content\/uploads\/2017\/11\/Trasteros-BCN-trasteros-barcelona.jpg","width":969,"height":519},{"@type":"BreadcrumbList","@id":"https:\/\/www.trasterosbcn.com\/ca\/centre-cornella\/#breadcrumb","itemListElement":[{"@type":"ListItem","position":1,"name":"Portada","item":"https:\/\/www.trasterosbcn.com\/ca\/"},{"@type":"ListItem","position":2,"name":"Centre Cornell\u00e0 \/ Sant Joan Desp\u00ed"}]},{"@type":"WebSite","@id":"https:\/\/www.trasterosbcn.com\/#website","url":"https:\/\/www.trasterosbcn.com\/","name":"Trasteros BCN","description":"","potentialAction":[{"@type":"SearchAction","target":{"@type":"EntryPoint","urlTemplate":"https:\/\/www.trasterosbcn.com\/?s={search_term_string}"},"query-input":{"@type":"PropertyValueSpecification","valueRequired":true,"valueName":"search_term_string"}}],"inLanguage":"ca"}]}},"_links":{"self":[{"href":"https:\/\/www.trasterosbcn.com\/ca\/wp-json\/wp\/v2\/pages\/312","targetHints":{"allow":["GET"]}}],"collection":[{"href":"https:\/\/www.trasterosbcn.com\/ca\/wp-json\/wp\/v2\/pages"}],"about":[{"href":"https:\/\/www.trasterosbcn.com\/ca\/wp-json\/wp\/v2\/types\/page"}],"author":[{"embeddable":true,"href":"https:\/\/www.trasterosbcn.com\/ca\/wp-json\/wp\/v2\/users\/2"}],"replies":[{"embeddable":true,"href":"https:\/\/www.trasterosbcn.com\/ca\/wp-json\/wp\/v2\/comments?post=312"}],"version-history":[{"count":0,"href":"https:\/\/www.trasterosbcn.com\/ca\/wp-json\/wp\/v2\/pages\/312\/revisions"}],"wp:featuredmedia":[{"embeddable":true,"href":"https:\/\/www.trasterosbcn.com\/ca\/wp-json\/wp\/v2\/media\/231"}],"wp:attachment":[{"href":"https:\/\/www.trasterosbcn.com\/ca\/wp-json\/wp\/v2\/media?parent=312"}],"curies":[{"name":"wp","href":"https:\/\/api.w.org\/{rel}","templated":true}]}}